{"id":99882,"date":"2023-06-23T07:32:07","date_gmt":"2023-06-23T05:32:07","guid":{"rendered":"https:\/\/chmedica.ch\/prodotto\/adaptateur-mini-speculum-parker-pour-otoscope\/"},"modified":"2024-01-02T18:55:24","modified_gmt":"2024-01-02T17:55:24","slug":"adaptateur-mini-speculum-parker-pour-otoscope","status":"publish","type":"product","link":"https:\/\/chmedica.ch\/fr\/produit\/adaptateur-mini-speculum-parker-pour-otoscope\/","title":{"rendered":"ADAPTATEUR MINI-SP\u00c9CULUM PARKER POUR OTOSCOPE"},"content":{"rendered":"","protected":false},"excerpt":{"rendered":"<p>Connecteur \u00e0 GIMA Parker otoscope pou mini-sp\u00e9culum auriculaires.<\/p>\n<p>A utiliser avec les codes GIMA:<br \/>\n31435, 31436, 31437, 31440, 31441, 31442, 31471, 31473, 31475, 31477, 31480<\/p>\n","protected":false},"featured_media":99876,"template":"","meta":{"_acf_changed":false},"product_brand":[],"product_cat":[918,1706],"product_tag":[],"class_list":{"0":"post-99882","1":"product","2":"type-product","3":"status-publish","4":"has-post-thumbnail","6":"product_cat-accessoires-pour-oto-ophtalmoscopes","7":"product_cat-mini-speculum-a-usage-unique","9":"first","10":"onbackorder","11":"taxable","12":"shipping-taxable","13":"purchasable","14":"product-type-simple"},"acf":{"fornitore":"GIMA","standard_accessori":"","unita_misura":"1 pz."},"_links":{"self":[{"href":"https:\/\/chmedica.ch\/fr\/wp-json\/wp\/v2\/product\/99882","targetHints":{"allow":["GET"]}}],"collection":[{"href":"https:\/\/chmedica.ch\/fr\/wp-json\/wp\/v2\/product"}],"about":[{"href":"https:\/\/chmedica.ch\/fr\/wp-json\/wp\/v2\/types\/product"}],"wp:featuredmedia":[{"embeddable":true,"href":"https:\/\/chmedica.ch\/fr\/wp-json\/wp\/v2\/media\/99876"}],"wp:attachment":[{"href":"https:\/\/chmedica.ch\/fr\/wp-json\/wp\/v2\/media?parent=99882"}],"wp:term":[{"taxonomy":"product_brand","embeddable":true,"href":"https:\/\/chmedica.ch\/fr\/wp-json\/wp\/v2\/product_brand?post=99882"},{"taxonomy":"product_cat","embeddable":true,"href":"https:\/\/chmedica.ch\/fr\/wp-json\/wp\/v2\/product_cat?post=99882"},{"taxonomy":"product_tag","embeddable":true,"href":"https:\/\/chmedica.ch\/fr\/wp-json\/wp\/v2\/product_tag?post=99882"}],"curies":[{"name":"wp","href":"https:\/\/api.w.org\/{rel}","templated":true}]}}