{"id":9963,"date":"2023-06-16T12:34:25","date_gmt":"2023-06-16T10:34:25","guid":{"rendered":"https:\/\/chmedica.ch\/prodotto\/electrodes-compatibles-pediatriques-pour-defibrill-philips-laerdal-medical-voir-aussi-55006\/"},"modified":"2024-01-02T20:50:37","modified_gmt":"2024-01-02T19:50:37","slug":"electrodes-compatibles-pediatriques-pour-defibrill-philips-laerdal-medical-voir-aussi-55006","status":"publish","type":"product","link":"https:\/\/chmedica.ch\/fr\/produit\/electrodes-compatibles-pediatriques-pour-defibrill-philips-laerdal-medical-voir-aussi-55006\/","title":{"rendered":"\u00c9LECTRODES COMPATIBLES P\u00c9DIATRIQUES pour d\u00e9fibrill. Philips Laerdal Medical voir aussi 55006"},"content":{"rendered":"","protected":false},"excerpt":{"rendered":"<p>\u00c9LECTRODES COMPATIBLES P\u00c9DIATRIQUES &#8211; jetables<\/p>\n<p>Syst\u00e8me de r\u00e9duction d&rsquo;\u00e9nergie: l&rsquo;\u00e9nergie du d\u00e9fibrillateur de 150 J (33606) ou de 200 J (33603) est r\u00e9duite \u00e0 50 J. Les directives internationales RCP indiquent d&rsquo;effectuer les traitements p\u00e9diatriques jusqu&rsquo;\u00e0 8 ans (environ 25 kg selon la courbe de croissance standard). Conformes aux normes: directive 93\/42\/CEE et modifications. Dispositif m\u00e9dical Classe IIb, ANSI\/AAMI: DF-80; IEC\/EN: 60601-1, 60601-2-4; ISO: 10993-1. Production italienne.<\/p>\n<p>Compatible avec:<\/p>\n<p>\u2022 Philips Laerdal Medical<br \/>\n&#8211; Heartstart FR2 AED M3841A &amp; M3861A<br \/>\n&#8211; Heartstart FR2 AED, avec module ECG 3840A, M3861A<\/p>\n","protected":false},"featured_media":9957,"template":"","meta":{"_acf_changed":false},"product_brand":[],"product_cat":[774,1358],"product_tag":[],"class_list":{"0":"post-9963","1":"product","2":"type-product","3":"status-publish","4":"has-post-thumbnail","6":"product_cat-accessoires-pour-defibrillateurs","7":"product_cat-plaques-compatibles-avec-les-defibrillateurs","9":"first","10":"onbackorder","11":"taxable","12":"shipping-taxable","13":"purchasable","14":"product-type-simple"},"acf":{"fornitore":"GIMA","standard_accessori":"","unita_misura":"1 paio"},"_links":{"self":[{"href":"https:\/\/chmedica.ch\/fr\/wp-json\/wp\/v2\/product\/9963","targetHints":{"allow":["GET"]}}],"collection":[{"href":"https:\/\/chmedica.ch\/fr\/wp-json\/wp\/v2\/product"}],"about":[{"href":"https:\/\/chmedica.ch\/fr\/wp-json\/wp\/v2\/types\/product"}],"wp:featuredmedia":[{"embeddable":true,"href":"https:\/\/chmedica.ch\/fr\/wp-json\/wp\/v2\/media\/9957"}],"wp:attachment":[{"href":"https:\/\/chmedica.ch\/fr\/wp-json\/wp\/v2\/media?parent=9963"}],"wp:term":[{"taxonomy":"product_brand","embeddable":true,"href":"https:\/\/chmedica.ch\/fr\/wp-json\/wp\/v2\/product_brand?post=9963"},{"taxonomy":"product_cat","embeddable":true,"href":"https:\/\/chmedica.ch\/fr\/wp-json\/wp\/v2\/product_cat?post=9963"},{"taxonomy":"product_tag","embeddable":true,"href":"https:\/\/chmedica.ch\/fr\/wp-json\/wp\/v2\/product_tag?post=9963"}],"curies":[{"name":"wp","href":"https:\/\/api.w.org\/{rel}","templated":true}]}}