{"id":9954,"date":"2023-06-16T12:34:20","date_gmt":"2023-06-16T10:34:20","guid":{"rendered":"https:\/\/chmedica.ch\/prodotto\/electrodes-compatibles-pediatriques-pour-defibrill-cardiac-science-ge-voir-aussi-55002\/"},"modified":"2024-01-02T20:50:30","modified_gmt":"2024-01-02T19:50:30","slug":"electrodes-compatibles-pediatriques-pour-defibrill-cardiac-science-ge-voir-aussi-55002","status":"publish","type":"product","link":"https:\/\/chmedica.ch\/fr\/produit\/electrodes-compatibles-pediatriques-pour-defibrill-cardiac-science-ge-voir-aussi-55002\/","title":{"rendered":"\u00c9LECTRODES COMPATIBLES P\u00c9DIATRIQUES pour d\u00e9fibrill. Cardiac Science, GE voir aussi 55002"},"content":{"rendered":"","protected":false},"excerpt":{"rendered":"<p>Syst\u00e8me de r\u00e9duction d\u2019\u00e9nergie: l\u2019\u00e9nergie du d\u00e9fibrillateur est r\u00e9duite \u00e0 50 J. Les directives internationales RCP indiquent d\u2019effectuer les traitements p\u00e9diatriques jusqu\u2019\u00e0 8 ans (environ 25 kg selon la courbe de croissance standard).<br \/>\nDur\u00e9e de conservation: maximum 30 mois \u00e0 partir de la date de production.<br \/>\nSans latex.<br \/>\nConformes aux normes: directive 93\/42\/CEE et modifications. Dispositif m\u00e9dical classe IIB, ANSI\/AAMI: DF-80; IEC\/EN: 60601-1, 60601-2-4; ISO: 10993-1.<br \/>\nProduction italienne.<\/p>\n<p>Compatible avec:<\/p>\n<p>\u2022 Cardiac Science<br \/>\n&#8211; Powerheart s\u00e9rie AED 9200<br \/>\n&#8211; Powerheart s\u00e9rie G3 AED 9300 (G3, G3 Plus, G3 Pro)<\/p>\n<p>\u2022 GE<br \/>\n&#8211; Responder AED, AED Pro<\/p>\n","protected":false},"featured_media":9948,"template":"","meta":{"_acf_changed":false},"product_brand":[],"product_cat":[774,1358],"product_tag":[],"class_list":{"0":"post-9954","1":"product","2":"type-product","3":"status-publish","4":"has-post-thumbnail","6":"product_cat-accessoires-pour-defibrillateurs","7":"product_cat-plaques-compatibles-avec-les-defibrillateurs","9":"first","10":"onbackorder","11":"taxable","12":"shipping-taxable","13":"purchasable","14":"product-type-simple"},"acf":{"fornitore":"GIMA","standard_accessori":"","unita_misura":"1 paio"},"_links":{"self":[{"href":"https:\/\/chmedica.ch\/fr\/wp-json\/wp\/v2\/product\/9954","targetHints":{"allow":["GET"]}}],"collection":[{"href":"https:\/\/chmedica.ch\/fr\/wp-json\/wp\/v2\/product"}],"about":[{"href":"https:\/\/chmedica.ch\/fr\/wp-json\/wp\/v2\/types\/product"}],"wp:featuredmedia":[{"embeddable":true,"href":"https:\/\/chmedica.ch\/fr\/wp-json\/wp\/v2\/media\/9948"}],"wp:attachment":[{"href":"https:\/\/chmedica.ch\/fr\/wp-json\/wp\/v2\/media?parent=9954"}],"wp:term":[{"taxonomy":"product_brand","embeddable":true,"href":"https:\/\/chmedica.ch\/fr\/wp-json\/wp\/v2\/product_brand?post=9954"},{"taxonomy":"product_cat","embeddable":true,"href":"https:\/\/chmedica.ch\/fr\/wp-json\/wp\/v2\/product_cat?post=9954"},{"taxonomy":"product_tag","embeddable":true,"href":"https:\/\/chmedica.ch\/fr\/wp-json\/wp\/v2\/product_tag?post=9954"}],"curies":[{"name":"wp","href":"https:\/\/api.w.org\/{rel}","templated":true}]}}