{"id":9921,"date":"2023-06-16T12:33:48","date_gmt":"2023-06-16T10:33:48","guid":{"rendered":"https:\/\/chmedica.ch\/prodotto\/electrodes-compatibles-pour-defibrill-schiller-voir-aussi-55054\/"},"modified":"2024-01-02T20:49:25","modified_gmt":"2024-01-02T19:49:25","slug":"electrodes-compatibles-pour-defibrill-schiller-voir-aussi-55054","status":"publish","type":"product","link":"https:\/\/chmedica.ch\/fr\/produit\/electrodes-compatibles-pour-defibrill-schiller-voir-aussi-55054\/","title":{"rendered":"\u00c9LECTRODES COMPATIBLES pour d\u00e9fibrill. Schiller voir aussi 55054"},"content":{"rendered":"","protected":false},"excerpt":{"rendered":"<p>\u00c9LECTRODES COMPATIBLES ADULTES &#8211; jetables<\/p>\n<p>Une gamme d&rsquo;\u00e9lectrodes certifi\u00e9e BSI pour patients \u00e0 partir de 8 ans (25 kg) compatible avec la pluplart des d\u00e9fibrillateurs du march\u00e9. Excellente adh\u00e9rence et \u00e9paisseur de gel ad\u00e9quate. Paire d&rsquo;\u00e9lectrodes, c\u00e2ble et connecteur inclus. Dur\u00e9e de conservation: maximum 30 mois \u00e0 partir de la date de production. Sans latex. Conformes aux normes: directive 93\/42\/CEE et modifications. Dispositif m\u00e9dical Classe IIb, ANSI\/AAMI: DF-80; IEC\/EN: 60601-1, 60601-2-4; ISO: 10993-1. Production italienne.<\/p>\n<p>Compatible avec:<\/p>\n<p>\u2022 Schiller<br \/>\n&#8211; Fred easy port &#8211; Argus PRO Lifecare<br \/>\n&#8211; Argus PRO Lifecare 2<br \/>\n&#8211; Cardiovit AT 101 Easy<\/p>\n","protected":false},"featured_media":9915,"template":"","meta":{"_acf_changed":false},"product_brand":[],"product_cat":[774,1358],"product_tag":[],"class_list":{"0":"post-9921","1":"product","2":"type-product","3":"status-publish","4":"has-post-thumbnail","6":"product_cat-accessoires-pour-defibrillateurs","7":"product_cat-plaques-compatibles-avec-les-defibrillateurs","9":"first","10":"onbackorder","11":"taxable","12":"shipping-taxable","13":"purchasable","14":"product-type-simple"},"acf":{"fornitore":"GIMA","standard_accessori":"","unita_misura":"1 paio"},"_links":{"self":[{"href":"https:\/\/chmedica.ch\/fr\/wp-json\/wp\/v2\/product\/9921","targetHints":{"allow":["GET"]}}],"collection":[{"href":"https:\/\/chmedica.ch\/fr\/wp-json\/wp\/v2\/product"}],"about":[{"href":"https:\/\/chmedica.ch\/fr\/wp-json\/wp\/v2\/types\/product"}],"wp:featuredmedia":[{"embeddable":true,"href":"https:\/\/chmedica.ch\/fr\/wp-json\/wp\/v2\/media\/9915"}],"wp:attachment":[{"href":"https:\/\/chmedica.ch\/fr\/wp-json\/wp\/v2\/media?parent=9921"}],"wp:term":[{"taxonomy":"product_brand","embeddable":true,"href":"https:\/\/chmedica.ch\/fr\/wp-json\/wp\/v2\/product_brand?post=9921"},{"taxonomy":"product_cat","embeddable":true,"href":"https:\/\/chmedica.ch\/fr\/wp-json\/wp\/v2\/product_cat?post=9921"},{"taxonomy":"product_tag","embeddable":true,"href":"https:\/\/chmedica.ch\/fr\/wp-json\/wp\/v2\/product_tag?post=9921"}],"curies":[{"name":"wp","href":"https:\/\/api.w.org\/{rel}","templated":true}]}}