{"id":9900,"date":"2023-06-16T12:33:34","date_gmt":"2023-06-16T10:33:34","guid":{"rendered":"https:\/\/chmedica.ch\/prodotto\/electrodes-compatibles-pour-defibrill-medtronicosatu-bexen-voir-aussi-55048\/"},"modified":"2024-01-02T20:49:05","modified_gmt":"2024-01-02T19:49:05","slug":"electrodes-compatibles-pour-defibrill-medtronicosatu-bexen-voir-aussi-55048","status":"publish","type":"product","link":"https:\/\/chmedica.ch\/fr\/produit\/electrodes-compatibles-pour-defibrill-medtronicosatu-bexen-voir-aussi-55048\/","title":{"rendered":"\u00c9LECTRODES COMPATIBLES pour d\u00e9fibrill. Medtronic,Osatu Bexen voir aussi 55048"},"content":{"rendered":"","protected":false},"excerpt":{"rendered":"<p>Une gamme d&rsquo;\u00e9lectrodes compatibles avec la plupart des d\u00e9fibrillateurs du march\u00e9, certifi\u00e9es BSI. Excellente adh\u00e9rence et \u00e9paisseur de gel ad\u00e9quate. Paire d&rsquo;\u00e9lectrodes, c\u00e2ble et connecteur inclus. Dur\u00e9e de conservation maximum 2 ans apr\u00e8s la date de production.<br \/>\nFabriqu\u00e9 in Italie.<\/p>\n<p>Compatible avec:<\/p>\n<p>\u2022 Cardioline<br \/>\n&#8211; Elife 700<\/p>\n<p>\u2022 Medtronic-Physiocontrol<br \/>\n&#8211; Lifepak 9 connector Quick-Combo<br \/>\n&#8211; Lifepak 10 &#8211; 12 &#8211; 15 &#8211; 20 &#8211; 500 AED<\/p>\n<p>\u2022 Mindray<br \/>\n&#8211; Beneheart D1 &#8211; D3 &#8211; D6<\/p>\n<p>\u2022 Osatu Bexen<br \/>\n&#8211; Reanibex 200 &#8211; 300 &#8211; 500 &#8211; 700 &#8211; 800<\/p>\n","protected":false},"featured_media":9894,"template":"","meta":{"_acf_changed":false},"product_brand":[],"product_cat":[774,1358],"product_tag":[],"class_list":{"0":"post-9900","1":"product","2":"type-product","3":"status-publish","4":"has-post-thumbnail","6":"product_cat-accessoires-pour-defibrillateurs","7":"product_cat-plaques-compatibles-avec-les-defibrillateurs","9":"first","10":"onbackorder","11":"taxable","12":"shipping-taxable","13":"purchasable","14":"product-type-simple"},"acf":{"fornitore":"GIMA","standard_accessori":"","unita_misura":"1 paio"},"_links":{"self":[{"href":"https:\/\/chmedica.ch\/fr\/wp-json\/wp\/v2\/product\/9900","targetHints":{"allow":["GET"]}}],"collection":[{"href":"https:\/\/chmedica.ch\/fr\/wp-json\/wp\/v2\/product"}],"about":[{"href":"https:\/\/chmedica.ch\/fr\/wp-json\/wp\/v2\/types\/product"}],"wp:featuredmedia":[{"embeddable":true,"href":"https:\/\/chmedica.ch\/fr\/wp-json\/wp\/v2\/media\/9894"}],"wp:attachment":[{"href":"https:\/\/chmedica.ch\/fr\/wp-json\/wp\/v2\/media?parent=9900"}],"wp:term":[{"taxonomy":"product_brand","embeddable":true,"href":"https:\/\/chmedica.ch\/fr\/wp-json\/wp\/v2\/product_brand?post=9900"},{"taxonomy":"product_cat","embeddable":true,"href":"https:\/\/chmedica.ch\/fr\/wp-json\/wp\/v2\/product_cat?post=9900"},{"taxonomy":"product_tag","embeddable":true,"href":"https:\/\/chmedica.ch\/fr\/wp-json\/wp\/v2\/product_tag?post=9900"}],"curies":[{"name":"wp","href":"https:\/\/api.w.org\/{rel}","templated":true}]}}