{"id":98538,"date":"2023-06-23T07:15:25","date_gmt":"2023-06-23T05:15:25","guid":{"rendered":"https:\/\/chmedica.ch\/prodotto\/tete-otoscope-a-ri-scope-l2-35v-led\/"},"modified":"2024-01-02T19:12:57","modified_gmt":"2024-01-02T18:12:57","slug":"tete-otoscope-a-ri-scope-l2-35v-led","status":"publish","type":"product","link":"https:\/\/chmedica.ch\/fr\/produit\/tete-otoscope-a-ri-scope-l2-35v-led\/","title":{"rendered":"T\u00caTE OTOSCOPE \u00c0 RI-SCOPE L2 3,5V &#8211; LED"},"content":{"rendered":"","protected":false},"excerpt":{"rendered":"<p>T\u00eate pour Ri-Former. T\u00eate otoscope \u00e0 fibres optiques Ri-scope L2 &#8211; DEL 3,5 V<\/p>\n","protected":false},"featured_media":0,"template":"","meta":{"_acf_changed":false},"product_brand":[],"product_cat":[940,1784],"product_tag":[],"class_list":{"0":"post-98538","1":"product","2":"type-product","3":"status-publish","5":"product_cat-produits-orl","6":"product_cat-station-de-diagnostic-mural-riester","8":"first","9":"onbackorder","10":"taxable","11":"shipping-taxable","12":"purchasable","13":"product-type-simple"},"acf":{"fornitore":"GIMA","standard_accessori":"","unita_misura":"1 pz."},"_links":{"self":[{"href":"https:\/\/chmedica.ch\/fr\/wp-json\/wp\/v2\/product\/98538","targetHints":{"allow":["GET"]}}],"collection":[{"href":"https:\/\/chmedica.ch\/fr\/wp-json\/wp\/v2\/product"}],"about":[{"href":"https:\/\/chmedica.ch\/fr\/wp-json\/wp\/v2\/types\/product"}],"wp:attachment":[{"href":"https:\/\/chmedica.ch\/fr\/wp-json\/wp\/v2\/media?parent=98538"}],"wp:term":[{"taxonomy":"product_brand","embeddable":true,"href":"https:\/\/chmedica.ch\/fr\/wp-json\/wp\/v2\/product_brand?post=98538"},{"taxonomy":"product_cat","embeddable":true,"href":"https:\/\/chmedica.ch\/fr\/wp-json\/wp\/v2\/product_cat?post=98538"},{"taxonomy":"product_tag","embeddable":true,"href":"https:\/\/chmedica.ch\/fr\/wp-json\/wp\/v2\/product_tag?post=98538"}],"curies":[{"name":"wp","href":"https:\/\/api.w.org\/{rel}","templated":true}]}}