{"id":98517,"date":"2023-06-23T07:15:05","date_gmt":"2023-06-23T05:15:05","guid":{"rendered":"https:\/\/chmedica.ch\/prodotto\/tete-retinoscope-a-ri-scope-xenon-35v-lumiere-legere\/"},"modified":"2024-01-02T19:13:15","modified_gmt":"2024-01-02T18:13:15","slug":"tete-retinoscope-a-ri-scope-xenon-35v-lumiere-legere","status":"publish","type":"product","link":"https:\/\/chmedica.ch\/fr\/produit\/tete-retinoscope-a-ri-scope-xenon-35v-lumiere-legere\/","title":{"rendered":"T\u00caTE R\u00c9TINOSCOPE \u00c0 RI-SCOPE X\u00c9NON 3,5V -lumi\u00e8re l\u00e9g\u00e8re"},"content":{"rendered":"","protected":false},"excerpt":{"rendered":"<p>T\u00eate pour Ri-Former. T\u00eate r\u00e9tinoscope \u00e0 fibres optiques Ri-scope &#8211; X\u00e9non 3,5 V<\/p>\n","protected":false},"featured_media":98511,"template":"","meta":{"_acf_changed":false},"product_brand":[],"product_cat":[940,1784],"product_tag":[],"class_list":{"0":"post-98517","1":"product","2":"type-product","3":"status-publish","4":"has-post-thumbnail","6":"product_cat-produits-orl","7":"product_cat-station-de-diagnostic-mural-riester","9":"first","10":"onbackorder","11":"taxable","12":"shipping-taxable","13":"purchasable","14":"product-type-simple"},"acf":{"fornitore":"GIMA","standard_accessori":"","unita_misura":"1 pz."},"_links":{"self":[{"href":"https:\/\/chmedica.ch\/fr\/wp-json\/wp\/v2\/product\/98517","targetHints":{"allow":["GET"]}}],"collection":[{"href":"https:\/\/chmedica.ch\/fr\/wp-json\/wp\/v2\/product"}],"about":[{"href":"https:\/\/chmedica.ch\/fr\/wp-json\/wp\/v2\/types\/product"}],"wp:featuredmedia":[{"embeddable":true,"href":"https:\/\/chmedica.ch\/fr\/wp-json\/wp\/v2\/media\/98511"}],"wp:attachment":[{"href":"https:\/\/chmedica.ch\/fr\/wp-json\/wp\/v2\/media?parent=98517"}],"wp:term":[{"taxonomy":"product_brand","embeddable":true,"href":"https:\/\/chmedica.ch\/fr\/wp-json\/wp\/v2\/product_brand?post=98517"},{"taxonomy":"product_cat","embeddable":true,"href":"https:\/\/chmedica.ch\/fr\/wp-json\/wp\/v2\/product_cat?post=98517"},{"taxonomy":"product_tag","embeddable":true,"href":"https:\/\/chmedica.ch\/fr\/wp-json\/wp\/v2\/product_tag?post=98517"}],"curies":[{"name":"wp","href":"https:\/\/api.w.org\/{rel}","templated":true}]}}