{"id":9843,"date":"2023-06-16T12:32:58","date_gmt":"2023-06-16T10:32:58","guid":{"rendered":"https:\/\/chmedica.ch\/prodotto\/electrodes-compatibles-pour-defibrill-cardiac-science-ge-voir-aussi-55026\/"},"modified":"2024-01-02T20:48:21","modified_gmt":"2024-01-02T19:48:21","slug":"electrodes-compatibles-pour-defibrill-cardiac-science-ge-voir-aussi-55026","status":"publish","type":"product","link":"https:\/\/chmedica.ch\/fr\/produit\/electrodes-compatibles-pour-defibrill-cardiac-science-ge-voir-aussi-55026\/","title":{"rendered":"\u00c9LECTRODES COMPATIBLES pour d\u00e9fibrill. Cardiac Science, GE voir aussi 55026"},"content":{"rendered":"","protected":false},"excerpt":{"rendered":"<p>Une gamme d\u2019\u00e9lectrodes certifi\u00e9e BSI pour patients \u00e0 partir de 8 ans (25 kg) compatible avec la pluplart des d\u00e9fibrillateurs du march\u00e9. Excellente adh\u00e9rence et \u00e9paisseur de gel ad\u00e9quate.<br \/>\nPaire d\u2019\u00e9lectrodes, c\u00e2ble et connecteur inclus.<br \/>\nDur\u00e9e de conservation: maximum 30 mois \u00e0 partir de la date de production.<br \/>\nSans latex.<br \/>\nConformes aux normes: directive 93\/42\/CEE et modifications. Dispositif m\u00e9dical classe IIB, ANSI\/AAMI: DF-80; IEC\/EN: 60601-1, 60601-2-4; ISO: 10993-1.<br \/>\nProduction italienne.<\/p>\n<p>Compatible avec:<\/p>\n<p>\u2022 Cardiac science<br \/>\n&#8211; Powerheart AED 9200<br \/>\n&#8211; Powerheart AED G3 9300 series (G3, G3 Plus, G3 Pro)<\/p>\n<p>\u2022 GE<br \/>\n&#8211; Responder AED &#8211; AED Pro<\/p>\n","protected":false},"featured_media":9837,"template":"","meta":{"_acf_changed":false},"product_brand":[],"product_cat":[774,1358],"product_tag":[],"class_list":{"0":"post-9843","1":"product","2":"type-product","3":"status-publish","4":"has-post-thumbnail","6":"product_cat-accessoires-pour-defibrillateurs","7":"product_cat-plaques-compatibles-avec-les-defibrillateurs","9":"first","10":"onbackorder","11":"taxable","12":"shipping-taxable","13":"purchasable","14":"product-type-simple"},"acf":{"fornitore":"GIMA","standard_accessori":"","unita_misura":"1 paio"},"_links":{"self":[{"href":"https:\/\/chmedica.ch\/fr\/wp-json\/wp\/v2\/product\/9843","targetHints":{"allow":["GET"]}}],"collection":[{"href":"https:\/\/chmedica.ch\/fr\/wp-json\/wp\/v2\/product"}],"about":[{"href":"https:\/\/chmedica.ch\/fr\/wp-json\/wp\/v2\/types\/product"}],"wp:featuredmedia":[{"embeddable":true,"href":"https:\/\/chmedica.ch\/fr\/wp-json\/wp\/v2\/media\/9837"}],"wp:attachment":[{"href":"https:\/\/chmedica.ch\/fr\/wp-json\/wp\/v2\/media?parent=9843"}],"wp:term":[{"taxonomy":"product_brand","embeddable":true,"href":"https:\/\/chmedica.ch\/fr\/wp-json\/wp\/v2\/product_brand?post=9843"},{"taxonomy":"product_cat","embeddable":true,"href":"https:\/\/chmedica.ch\/fr\/wp-json\/wp\/v2\/product_cat?post=9843"},{"taxonomy":"product_tag","embeddable":true,"href":"https:\/\/chmedica.ch\/fr\/wp-json\/wp\/v2\/product_tag?post=9843"}],"curies":[{"name":"wp","href":"https:\/\/api.w.org\/{rel}","templated":true}]}}