{"id":9834,"date":"2023-06-16T12:32:53","date_gmt":"2023-06-16T10:32:53","guid":{"rendered":"https:\/\/chmedica.ch\/prodotto\/electrodes-compatibles-pour-defibrill-dragerinnomedsww-allyn-voir-aussi-55036\/"},"modified":"2024-01-02T20:48:14","modified_gmt":"2024-01-02T19:48:14","slug":"electrodes-compatibles-pour-defibrill-dragerinnomedsww-allyn-voir-aussi-55036","status":"publish","type":"product","link":"https:\/\/chmedica.ch\/fr\/produit\/electrodes-compatibles-pour-defibrill-dragerinnomedsww-allyn-voir-aussi-55036\/","title":{"rendered":"\u00c9LECTRODES COMPATIBLES pour d\u00e9fibrill. Drager,Innomed,S&amp;W,W-Allyn voir aussi 55036"},"content":{"rendered":"","protected":false},"excerpt":{"rendered":"<p>Une gamme d&rsquo;\u00e9lectrodes compatibles avec la plupart des d\u00e9fibrillateurs du march\u00e9, certifi\u00e9es BSI. Excellente adh\u00e9rence et \u00e9paisseur de gel ad\u00e9quate. Paire d&rsquo;\u00e9lectrodes, c\u00e2ble et connecteur inclus. Dur\u00e9e de conservation maximum 2 ans apr\u00e8s la date de production.<br \/>\nFabriqu\u00e9 in Italie.<\/p>\n<p>Compatible avec:<\/p>\n<p>\u2022 Artema Innomed<br \/>\nCardio Aid 100 &#8211; 200 &#8211; 200B &#8211; 360B &#8211; XL &#8211; XL+<\/p>\n<p>\u2022 Artema S&amp;W<br \/>\n&#8211; Cardio Aid LS &#8211; MC &#8211; MC+<\/p>\n<p>\u2022 Drager<br \/>\n&#8211; Cardiolog 2000<\/p>\n<p>\u2022 Innomed<br \/>\n&#8211; CardioAid 200B &#8211; 200 &#8211; 100 &#8211; 360B &#8211; XL+ &#8211; XL<\/p>\n<p>\u2022 S&amp;W<br \/>\n&#8211; Cardio Aid LS &#8211; MC &#8211; MC+<\/p>\n<p>\u2022 Welch-Allyn<br \/>\n&#8211; AED 10 &#8211; AED20 &#8211; PIC30 &#8211; PIC40 &#8211; PIC50<\/p>\n<p>\u2022 MRL<br \/>\n&#8211; Life &#8211; Lifequest<\/p>\n<p>\u2022 Nihon Kohden<br \/>\n&#8211; Cardiolife TEC 2202 &#8211; 2203 &#8211; 5500 &#8211; 7531 &#8211; 7600 &#8211; 7700 &#8211; 8251 all with cable<br \/>\n&#8211; JC-755V, TEC 8300 with cable JC855V<\/p>\n","protected":false},"featured_media":9828,"template":"","meta":{"_acf_changed":false},"product_brand":[],"product_cat":[774,1358],"product_tag":[],"class_list":{"0":"post-9834","1":"product","2":"type-product","3":"status-publish","4":"has-post-thumbnail","6":"product_cat-accessoires-pour-defibrillateurs","7":"product_cat-plaques-compatibles-avec-les-defibrillateurs","9":"first","10":"onbackorder","11":"taxable","12":"shipping-taxable","13":"purchasable","14":"product-type-simple"},"acf":{"fornitore":"GIMA","standard_accessori":"","unita_misura":"1 paio"},"_links":{"self":[{"href":"https:\/\/chmedica.ch\/fr\/wp-json\/wp\/v2\/product\/9834","targetHints":{"allow":["GET"]}}],"collection":[{"href":"https:\/\/chmedica.ch\/fr\/wp-json\/wp\/v2\/product"}],"about":[{"href":"https:\/\/chmedica.ch\/fr\/wp-json\/wp\/v2\/types\/product"}],"wp:featuredmedia":[{"embeddable":true,"href":"https:\/\/chmedica.ch\/fr\/wp-json\/wp\/v2\/media\/9828"}],"wp:attachment":[{"href":"https:\/\/chmedica.ch\/fr\/wp-json\/wp\/v2\/media?parent=9834"}],"wp:term":[{"taxonomy":"product_brand","embeddable":true,"href":"https:\/\/chmedica.ch\/fr\/wp-json\/wp\/v2\/product_brand?post=9834"},{"taxonomy":"product_cat","embeddable":true,"href":"https:\/\/chmedica.ch\/fr\/wp-json\/wp\/v2\/product_cat?post=9834"},{"taxonomy":"product_tag","embeddable":true,"href":"https:\/\/chmedica.ch\/fr\/wp-json\/wp\/v2\/product_tag?post=9834"}],"curies":[{"name":"wp","href":"https:\/\/api.w.org\/{rel}","templated":true}]}}