{"id":9825,"date":"2023-06-16T12:32:47","date_gmt":"2023-06-16T10:32:47","guid":{"rendered":"https:\/\/chmedica.ch\/prodotto\/electrodes-compatibles-pour-defibrill-defibtech-voir-aussi-55034\/"},"modified":"2024-01-02T20:48:08","modified_gmt":"2024-01-02T19:48:08","slug":"electrodes-compatibles-pour-defibrill-defibtech-voir-aussi-55034","status":"publish","type":"product","link":"https:\/\/chmedica.ch\/fr\/produit\/electrodes-compatibles-pour-defibrill-defibtech-voir-aussi-55034\/","title":{"rendered":"\u00c9LECTRODES COMPATIBLES pour d\u00e9fibrill. Defibtech voir aussi 55034"},"content":{"rendered":"","protected":false},"excerpt":{"rendered":"<p>Une gamme d&rsquo;\u00e9lectrodes compatibles avec la plupart des d\u00e9fibrillateurs du march\u00e9, certifi\u00e9es BSI. Excellente adh\u00e9rence et \u00e9paisseur de gel ad\u00e9quate. Paire d&rsquo;\u00e9lectrodes, c\u00e2ble et connecteur inclus. Dur\u00e9e de conservation maximum 2 ans apr\u00e8s la date de production.<br \/>\nFabriqu\u00e9 in Italie.<\/p>\n<p>Compatible avec:<\/p>\n<p>\u2022 Defibtech<br \/>\n&#8211; DDU 100 Lifeline AED &#8211; DDU 120 Lifeline Auto AED<\/p>\n","protected":false},"featured_media":9819,"template":"","meta":{"_acf_changed":false},"product_brand":[],"product_cat":[774,1358],"product_tag":[],"class_list":{"0":"post-9825","1":"product","2":"type-product","3":"status-publish","4":"has-post-thumbnail","6":"product_cat-accessoires-pour-defibrillateurs","7":"product_cat-plaques-compatibles-avec-les-defibrillateurs","9":"first","10":"onbackorder","11":"taxable","12":"shipping-taxable","13":"purchasable","14":"product-type-simple"},"acf":{"fornitore":"GIMA","standard_accessori":"","unita_misura":"1 paio"},"_links":{"self":[{"href":"https:\/\/chmedica.ch\/fr\/wp-json\/wp\/v2\/product\/9825","targetHints":{"allow":["GET"]}}],"collection":[{"href":"https:\/\/chmedica.ch\/fr\/wp-json\/wp\/v2\/product"}],"about":[{"href":"https:\/\/chmedica.ch\/fr\/wp-json\/wp\/v2\/types\/product"}],"wp:featuredmedia":[{"embeddable":true,"href":"https:\/\/chmedica.ch\/fr\/wp-json\/wp\/v2\/media\/9819"}],"wp:attachment":[{"href":"https:\/\/chmedica.ch\/fr\/wp-json\/wp\/v2\/media?parent=9825"}],"wp:term":[{"taxonomy":"product_brand","embeddable":true,"href":"https:\/\/chmedica.ch\/fr\/wp-json\/wp\/v2\/product_brand?post=9825"},{"taxonomy":"product_cat","embeddable":true,"href":"https:\/\/chmedica.ch\/fr\/wp-json\/wp\/v2\/product_cat?post=9825"},{"taxonomy":"product_tag","embeddable":true,"href":"https:\/\/chmedica.ch\/fr\/wp-json\/wp\/v2\/product_tag?post=9825"}],"curies":[{"name":"wp","href":"https:\/\/api.w.org\/{rel}","templated":true}]}}