{"id":9810,"date":"2023-06-16T12:32:36","date_gmt":"2023-06-16T10:32:36","guid":{"rendered":"https:\/\/chmedica.ch\/prodotto\/electrodes-compatibles-pour-defibrill-agilent-philips-voir-aussi-55020\/"},"modified":"2024-01-02T20:47:54","modified_gmt":"2024-01-02T19:47:54","slug":"electrodes-compatibles-pour-defibrill-agilent-philips-voir-aussi-55020","status":"publish","type":"product","link":"https:\/\/chmedica.ch\/fr\/produit\/electrodes-compatibles-pour-defibrill-agilent-philips-voir-aussi-55020\/","title":{"rendered":"\u00c9LECTRODES COMPATIBLES pour d\u00e9fibrill. Agilent-Philips voir aussi 55020"},"content":{"rendered":"","protected":false},"excerpt":{"rendered":"<p>Une gamme d&rsquo;\u00e9lectrodes compatibles avec la plupart des d\u00e9fibrillateurs du march\u00e9, certifi\u00e9es BSI. Excellente adh\u00e9rence et \u00e9paisseur de gel ad\u00e9quate. Paire d&rsquo;\u00e9lectrodes, c\u00e2ble et connecteur inclus. Dur\u00e9e de conservation maximum 2 ans apr\u00e8s la date de production. Fabriqu\u00e9 in Italie.<\/p>\n<p>Compatible avec:<\/p>\n<p>\u2022 Agilent-Philips &#8211; Heartstream\/HeartStart XL M4735A<br \/>\n&#8211; Heartstream\/HeartStart XL T M3500B<br \/>\n&#8211; HeartStart 4000 M5500B (avec c\u00e2ble Philips M3508A)<\/p>\n<p>\u2022 Philips Laerdal Medical<br \/>\n&#8211; Heartstream Fore Runner I AED models E, S, EM<br \/>\n&#8211; Heartstart FR1 AED 940010XX &#8211; 940020XX &amp; 940030XX<br \/>\n&#8211; Heartstart FR2 AED M3840A &amp; M3841A<br \/>\n&#8211; Heartstart FR2 AED, with ECG module M3860A &amp; M3861A<br \/>\n&#8211; Codemaster M1722A\/B, M1723A\/B, M1724A &amp; M2475B (avec c\u00e2ble Philips M3507A et adaptateur d&rsquo;\u00e9lectrode 05-200)<br \/>\n&#8211; Heartstart MRx (avec c\u00e2ble Philips M3508A)<\/p>\n","protected":false},"featured_media":9804,"template":"","meta":{"_acf_changed":false},"product_brand":[],"product_cat":[774,1358],"product_tag":[],"class_list":{"0":"post-9810","1":"product","2":"type-product","3":"status-publish","4":"has-post-thumbnail","6":"product_cat-accessoires-pour-defibrillateurs","7":"product_cat-plaques-compatibles-avec-les-defibrillateurs","9":"first","10":"onbackorder","11":"taxable","12":"shipping-taxable","13":"purchasable","14":"product-type-simple"},"acf":{"fornitore":"GIMA","standard_accessori":"","unita_misura":"1 paio"},"_links":{"self":[{"href":"https:\/\/chmedica.ch\/fr\/wp-json\/wp\/v2\/product\/9810","targetHints":{"allow":["GET"]}}],"collection":[{"href":"https:\/\/chmedica.ch\/fr\/wp-json\/wp\/v2\/product"}],"about":[{"href":"https:\/\/chmedica.ch\/fr\/wp-json\/wp\/v2\/types\/product"}],"wp:featuredmedia":[{"embeddable":true,"href":"https:\/\/chmedica.ch\/fr\/wp-json\/wp\/v2\/media\/9804"}],"wp:attachment":[{"href":"https:\/\/chmedica.ch\/fr\/wp-json\/wp\/v2\/media?parent=9810"}],"wp:term":[{"taxonomy":"product_brand","embeddable":true,"href":"https:\/\/chmedica.ch\/fr\/wp-json\/wp\/v2\/product_brand?post=9810"},{"taxonomy":"product_cat","embeddable":true,"href":"https:\/\/chmedica.ch\/fr\/wp-json\/wp\/v2\/product_cat?post=9810"},{"taxonomy":"product_tag","embeddable":true,"href":"https:\/\/chmedica.ch\/fr\/wp-json\/wp\/v2\/product_tag?post=9810"}],"curies":[{"name":"wp","href":"https:\/\/api.w.org\/{rel}","templated":true}]}}