{"id":97875,"date":"2023-06-23T07:07:11","date_gmt":"2023-06-23T05:07:11","guid":{"rendered":"https:\/\/chmedica.ch\/prodotto\/jeu-de-cables-usb-et-rca-adaptateur\/"},"modified":"2024-01-02T19:20:04","modified_gmt":"2024-01-02T18:20:04","slug":"jeu-de-cables-usb-et-rca-adaptateur","status":"publish","type":"product","link":"https:\/\/chmedica.ch\/fr\/produit\/jeu-de-cables-usb-et-rca-adaptateur\/","title":{"rendered":"JEU DE C\u00c2BLES ( USB et RCA, adaptateur)"},"content":{"rendered":"","protected":false},"excerpt":{"rendered":"<p>ACCESSOIRES ET PI\u00c8CES DE RECHANGE POUR VID\u00c9OTOSCOPE MD SCOPE:<br \/>\nJeu de c\u00e2bles (c\u00e2ble USB et RCA, adaptateur).<\/p>\n","protected":false},"featured_media":0,"template":"","meta":{"_acf_changed":false},"product_brand":[],"product_cat":[940,1758],"product_tag":[],"class_list":{"0":"post-97875","1":"product","2":"type-product","3":"status-publish","5":"product_cat-produits-orl","6":"product_cat-video-otoscopes-fr","8":"first","9":"onbackorder","10":"taxable","11":"shipping-taxable","12":"purchasable","13":"product-type-simple"},"acf":{"fornitore":"GIMA","standard_accessori":"","unita_misura":"1 pz."},"_links":{"self":[{"href":"https:\/\/chmedica.ch\/fr\/wp-json\/wp\/v2\/product\/97875","targetHints":{"allow":["GET"]}}],"collection":[{"href":"https:\/\/chmedica.ch\/fr\/wp-json\/wp\/v2\/product"}],"about":[{"href":"https:\/\/chmedica.ch\/fr\/wp-json\/wp\/v2\/types\/product"}],"wp:attachment":[{"href":"https:\/\/chmedica.ch\/fr\/wp-json\/wp\/v2\/media?parent=97875"}],"wp:term":[{"taxonomy":"product_brand","embeddable":true,"href":"https:\/\/chmedica.ch\/fr\/wp-json\/wp\/v2\/product_brand?post=97875"},{"taxonomy":"product_cat","embeddable":true,"href":"https:\/\/chmedica.ch\/fr\/wp-json\/wp\/v2\/product_cat?post=97875"},{"taxonomy":"product_tag","embeddable":true,"href":"https:\/\/chmedica.ch\/fr\/wp-json\/wp\/v2\/product_tag?post=97875"}],"curies":[{"name":"wp","href":"https:\/\/api.w.org\/{rel}","templated":true}]}}