{"id":97800,"date":"2023-06-23T07:06:29","date_gmt":"2023-06-23T05:06:29","guid":{"rendered":"https:\/\/chmedica.ch\/prodotto\/iridoscope-wi-fi-et-usb-mic\/"},"modified":"2024-01-02T19:20:39","modified_gmt":"2024-01-02T18:20:39","slug":"iridoscope-wi-fi-et-usb-mic","status":"publish","type":"product","link":"https:\/\/chmedica.ch\/fr\/produit\/iridoscope-wi-fi-et-usb-mic\/","title":{"rendered":"IRIDOSCOPE Wi-Fi et USB MIC"},"content":{"rendered":"<p>SP\u00c9CIFICATIONS MICROSCOPE<br \/>\n&#8211; Grossissement: 30X<br \/>\n&#8211; Source de lumi\u00e8re: 2 LED blancs r\u00e9glables + 2 LED jaunes r\u00e9glables<br \/>\n&#8211; Lentille: Lentille microscope haute d\u00e9finition<\/p>\n<p>SP\u00c9CIFICATIONS TECHNIQUES<br \/>\n&#8211; Syst\u00e8me d\u2019exploitation: Windows XP et suivants, Mac (OSX 10,7 et suivants), iOS, Android (fonctionne par Wi-Fi ou USB)<br \/>\n&#8211; R\u00e9solution photos et vid\u00e9os: 1,3 MPixel &#8211; 1 280&#215;1 024 (MJPG), 640&#215;480 (MJPG), 320&#215;240<br \/>\n&#8211; Cadence d\u2019images: 15 fps 1 280&#215;1 024, 30 fps 640&#215;480 320&#215;240<br \/>\n&#8211; Distance transmission Wi-Fi: jusqu\u2019 \u00e0 5 m<br \/>\n&#8211; Consommation d\u2019\u00e9nergie: Max 2,5 W<br \/>\n&#8211; Batterie Li-ion: dur\u00e9e fonctionnement &#8211; environ 2 heures, temps charge totale &#8211; environ 2 heures<br \/>\n&#8211; Alimentation &#8211; Dimensions &#8211; Poids:  DC 5,0V \/ 1A &#8211; \u00d8 36&#215;142 mm &#8211; 88 g<\/p>\n<p>CAM\u00c9RA<br \/>\n&#8211; Capteur cam\u00e9ra: CMOS 1\/4&Prime;<br \/>\n&#8211; Caract\u00e9ristiques optiques: Exposition: Auto, Gamma: Auto, Balance des blancs: Auto, Niveau de noir: Auto<\/p>\n","protected":false},"excerpt":{"rendered":"<p>MICROSCOPE Wi-Fi &#8211; pour l&rsquo;analyse de l&rsquo;iris.<\/p>\n<p>Une gamme innovante de microscopes portatifs num\u00e9riques \u00e0 couleur: dermatoscope avec filtre polaris\u00e9, capillaroscope et iridoscope \u00e0 transmission Wi-Fi.<\/p>\n<p>Maniables, faciles \u00e0 utiliser, l\u00e9gers et portatifs. Compatibles avec les smartphones, les tablettes et les PC des marques les plus connues.<\/p>\n<p>Logiciel de base pour acqu\u00e9rir images, vid\u00e9os, mesures et applications Google\/Apple.<\/p>\n","protected":false},"featured_media":97788,"template":"","meta":{"_acf_changed":false},"product_brand":[],"product_cat":[1754,940],"product_tag":[],"class_list":{"0":"post-97800","1":"product","2":"type-product","3":"status-publish","4":"has-post-thumbnail","6":"product_cat-mini-microscopes-numeriques-pour-le-diagnostic","7":"product_cat-produits-orl","9":"first","10":"onbackorder","11":"taxable","12":"shipping-taxable","13":"purchasable","14":"product-type-simple"},"acf":{"fornitore":"GIMA","standard_accessori":"Adaptateur CA USB\nC\u00e2ble USB\nGuide rapide \nSupport en plastique \nR\u00e8gle pour calibrage\nMode d\u2019emploi (GB, FR, IT, ES, DE)\nCD avec logiciel Win (GB, IT, ES, DE, PT, RU, BG, TH, JP, KR)\nMac (GB)","unita_misura":"1 pz."},"_links":{"self":[{"href":"https:\/\/chmedica.ch\/fr\/wp-json\/wp\/v2\/product\/97800","targetHints":{"allow":["GET"]}}],"collection":[{"href":"https:\/\/chmedica.ch\/fr\/wp-json\/wp\/v2\/product"}],"about":[{"href":"https:\/\/chmedica.ch\/fr\/wp-json\/wp\/v2\/types\/product"}],"wp:featuredmedia":[{"embeddable":true,"href":"https:\/\/chmedica.ch\/fr\/wp-json\/wp\/v2\/media\/97788"}],"wp:attachment":[{"href":"https:\/\/chmedica.ch\/fr\/wp-json\/wp\/v2\/media?parent=97800"}],"wp:term":[{"taxonomy":"product_brand","embeddable":true,"href":"https:\/\/chmedica.ch\/fr\/wp-json\/wp\/v2\/product_brand?post=97800"},{"taxonomy":"product_cat","embeddable":true,"href":"https:\/\/chmedica.ch\/fr\/wp-json\/wp\/v2\/product_cat?post=97800"},{"taxonomy":"product_tag","embeddable":true,"href":"https:\/\/chmedica.ch\/fr\/wp-json\/wp\/v2\/product_tag?post=97800"}],"curies":[{"name":"wp","href":"https:\/\/api.w.org\/{rel}","templated":true}]}}