{"id":97785,"date":"2023-06-23T07:06:18","date_gmt":"2023-06-23T05:06:18","guid":{"rendered":"https:\/\/chmedica.ch\/prodotto\/camera-mic-wi-fi-usb-c-mount\/"},"modified":"2024-01-02T19:20:46","modified_gmt":"2024-01-02T18:20:46","slug":"camera-mic-wi-fi-usb-c-mount","status":"publish","type":"product","link":"https:\/\/chmedica.ch\/fr\/produit\/camera-mic-wi-fi-usb-c-mount\/","title":{"rendered":"CAM\u00c9RA MIC Wi-Fi &amp; USB (C-mount)"},"content":{"rendered":"<p>\u2022 Type cam\u00e9ra: Couleur cam\u00e9ra CMOS<br \/>\n\u2022 Capteur: \u00bc Imax CMOS<br \/>\n\u2022 R\u00e9solution: 1,3 MP<br \/>\n\u2022 Pixels: 320&#215;240, 640 x 480, 1280 x 1024<br \/>\n\u2022 Lentille standard: C-CS mount CCTV lens<br \/>\n\u2022 Caract\u00e9ristiques optiques automatiques: Correction Gamma, exposition, balance des blancs, r\u00e9f\u00e9rence noir, \u00e9vitement de flicker, identification des d\u00e9fauts, \u2022 saturation des couleurs<br \/>\n\u2022 Bouton instantan\u00e9: oui pour mode Wi-Fi et USB<br \/>\n\u2022 Dimensions: \u00d8 36 x 75 mm<br \/>\n\u2022 Distance de transmission Wi-Fi: =5 m<br \/>\n\u2022 R\u00e9solution vid\u00e9o: 1,3 MP, 320 x 240, 640 x 480, 1280 x 1024<br \/>\n\u2022 Plage de fr\u00e9quence: 2,400-24,835 GHz<br \/>\n\u2022 Batterie Li-Ion: Temps continu de fonctionnement &#8211; environ 2,5 heures<br \/>\n\u2022 Alimentation: 5 V \/ 1 A ou USB (utiliser uniquement adaptateurs muraux USB certifi\u00e9s aux normes CE et\/ou FCC)<br \/>\n\u2022 Support OS: iOS \/ Android \/ Windows \/ Mac<br \/>\n\u2022 Caract\u00e9ristique logiciel: USB et Wi-Fi MIC-fi : instantan\u00e9, enregistrement vid\u00e9o, \u00e9talonnage et mesure. Images en time-lapse (uniq. USB MICFIEYE)<\/p>\n","protected":false},"excerpt":{"rendered":"<p>CAM\u00c9RA MICFIEYE &#8211; Wi-Fi\/USB (C-mount) POUR ENDOSCOPES ET MICROSCOPES<\/p>\n<p>MICFIEYE est une cam\u00e9ra Wi-Fi avec C-mount qui permet de num\u00e9riser les image sur tablette, smartphones et PC en utilisant des logiciels et des applications d\u00e9di\u00e9s.<br \/>\nMlCFIEYE n\u00e9cessite d&rsquo;un adaptateur pour la connexion \u00e0 tous les dispositifs optiques tel que les microscopes, endoscopes, boroscopes, fibroscopes, lentilles C-mount, etc.<\/p>\n<p>Chaque cam\u00e9ra est livr\u00e9e avec un c\u00e2ble USB (1,2 m), adaptateur CA USB, mode d&#8217;emploi (GB, IT, FR, ES, DE), logiciel t\u00e9l\u00e9chargeable gratuitement par internet.<\/p>\n","protected":false},"featured_media":97767,"template":"","meta":{"_acf_changed":false},"product_brand":[],"product_cat":[1748,920],"product_tag":[],"class_list":{"0":"post-97785","1":"product","2":"type-product","3":"status-publish","4":"has-post-thumbnail","6":"product_cat-cameras-moniteurs-et-accessoires","7":"product_cat-endoscopie","9":"first","10":"onbackorder","11":"taxable","12":"shipping-taxable","13":"purchasable","14":"product-type-simple"},"acf":{"fornitore":"GIMA","standard_accessori":"","unita_misura":"1 pz."},"_links":{"self":[{"href":"https:\/\/chmedica.ch\/fr\/wp-json\/wp\/v2\/product\/97785","targetHints":{"allow":["GET"]}}],"collection":[{"href":"https:\/\/chmedica.ch\/fr\/wp-json\/wp\/v2\/product"}],"about":[{"href":"https:\/\/chmedica.ch\/fr\/wp-json\/wp\/v2\/types\/product"}],"wp:featuredmedia":[{"embeddable":true,"href":"https:\/\/chmedica.ch\/fr\/wp-json\/wp\/v2\/media\/97767"}],"wp:attachment":[{"href":"https:\/\/chmedica.ch\/fr\/wp-json\/wp\/v2\/media?parent=97785"}],"wp:term":[{"taxonomy":"product_brand","embeddable":true,"href":"https:\/\/chmedica.ch\/fr\/wp-json\/wp\/v2\/product_brand?post=97785"},{"taxonomy":"product_cat","embeddable":true,"href":"https:\/\/chmedica.ch\/fr\/wp-json\/wp\/v2\/product_cat?post=97785"},{"taxonomy":"product_tag","embeddable":true,"href":"https:\/\/chmedica.ch\/fr\/wp-json\/wp\/v2\/product_tag?post=97785"}],"curies":[{"name":"wp","href":"https:\/\/api.w.org\/{rel}","templated":true}]}}