{"id":97722,"date":"2023-06-23T07:05:44","date_gmt":"2023-06-23T05:05:44","guid":{"rendered":"https:\/\/chmedica.ch\/prodotto\/speculum-vet-jetable-diam-5-6-7-mm-fente-7-8-mm-pour-32180\/"},"modified":"2024-01-02T19:21:17","modified_gmt":"2024-01-02T18:21:17","slug":"speculum-vet-jetable-diam-5-6-7-mm-fente-7-8-mm-pour-32180","status":"publish","type":"product","link":"https:\/\/chmedica.ch\/fr\/produit\/speculum-vet-jetable-diam-5-6-7-mm-fente-7-8-mm-pour-32180\/","title":{"rendered":"SP\u00c9CULUM VET JETABLE diam. 5-6-7 mm, fente 7-8 mm pour 32180"},"content":{"rendered":"","protected":false},"excerpt":{"rendered":"<p>Sp\u00e9culum v\u00e9t\u00e9rinaire jetable.<\/p>\n<p>\u00d8 5\/6\/7 mm et \u00d8 7\/8 fente pour Hartmann Tweezers.<\/p>\n","protected":false},"featured_media":97716,"template":"","meta":{"_acf_changed":false},"product_brand":[],"product_cat":[1754,940],"product_tag":[],"class_list":{"0":"post-97722","1":"product","2":"type-product","3":"status-publish","4":"has-post-thumbnail","6":"product_cat-mini-microscopes-numeriques-pour-le-diagnostic","7":"product_cat-produits-orl","9":"first","10":"onbackorder","11":"taxable","12":"shipping-taxable","13":"purchasable","14":"product-type-simple"},"acf":{"fornitore":"GIMA","standard_accessori":"","unita_misura":"kit da 5 pz."},"_links":{"self":[{"href":"https:\/\/chmedica.ch\/fr\/wp-json\/wp\/v2\/product\/97722","targetHints":{"allow":["GET"]}}],"collection":[{"href":"https:\/\/chmedica.ch\/fr\/wp-json\/wp\/v2\/product"}],"about":[{"href":"https:\/\/chmedica.ch\/fr\/wp-json\/wp\/v2\/types\/product"}],"wp:featuredmedia":[{"embeddable":true,"href":"https:\/\/chmedica.ch\/fr\/wp-json\/wp\/v2\/media\/97716"}],"wp:attachment":[{"href":"https:\/\/chmedica.ch\/fr\/wp-json\/wp\/v2\/media?parent=97722"}],"wp:term":[{"taxonomy":"product_brand","embeddable":true,"href":"https:\/\/chmedica.ch\/fr\/wp-json\/wp\/v2\/product_brand?post=97722"},{"taxonomy":"product_cat","embeddable":true,"href":"https:\/\/chmedica.ch\/fr\/wp-json\/wp\/v2\/product_cat?post=97722"},{"taxonomy":"product_tag","embeddable":true,"href":"https:\/\/chmedica.ch\/fr\/wp-json\/wp\/v2\/product_tag?post=97722"}],"curies":[{"name":"wp","href":"https:\/\/api.w.org\/{rel}","templated":true}]}}