{"id":96711,"date":"2023-06-23T06:57:20","date_gmt":"2023-06-23T04:57:20","guid":{"rendered":"https:\/\/chmedica.ch\/prodotto\/stethoscope-riester-duplex-2-0-en-acier-inox-adulte-bleu\/"},"modified":"2024-01-02T19:28:46","modified_gmt":"2024-01-02T18:28:46","slug":"stethoscope-riester-duplex-2-0-en-acier-inox-adulte-bleu","status":"publish","type":"product","link":"https:\/\/chmedica.ch\/fr\/produit\/stethoscope-riester-duplex-2-0-en-acier-inox-adulte-bleu\/","title":{"rendered":"ST\u00c9THOSCOPE RIESTER DUPLEX 2.0 EN ACIER INOX &#8211; adulte &#8211; bleu"},"content":{"rendered":"","protected":false},"excerpt":{"rendered":"<p>ST\u00c9THOSCOPE RIESTER DUPLEX\u00ae 2.0 EN ACIER INOX<\/p>\n<p>\u2022 Code Riester: 4210-03<br \/>\n\u2022 Couleur: bleu<br \/>\n\u2022 Membrane: \u00d8 44 mm<br \/>\n\u2022 Longueur: 74 cm<br \/>\n\u2022 Poids: 151 g<br \/>\n\u2022 Sans latex<\/p>\n<p>Les st\u00e9thoscopes Duplex\u00ae 2.0 se distinguent par leurs performances acoustiques exceptionnelles.<br \/>\nIls ont \u00e9t\u00e9 compl\u00e8tement renouvel\u00e9s pour r\u00e9pondre aux d\u00e9fis quotidiens de la pratique de diagnostic.<br \/>\nTubulure sp\u00e9ciale pour une meilleure auscultation des adultes, des enfants ou des nouveau-n\u00e9s.<\/p>\n<p>&#8211; double pavillon de pr\u00e9cision en acier inox avec support innovant de la membrane<br \/>\n&#8211; \u00e9couteurs anatomiques avec ressort interne multiple pour r\u00e9gler la pression de contact<br \/>\n&#8211; olives ultra-douces, rempla\u00e7ables et pivotantes pour une adh\u00e9sion parfaite au conduit auditif et un confort optimal<br \/>\n&#8211; syst\u00e8me acoustique innovant avec auscultation extraordinaire pour toutes les gammes de fr\u00e9quences<br \/>\n&#8211; membrane sp\u00e9ciale pour une acoustique pr\u00e9cise avec nouvelles bagues anti-froid pour mieux s&rsquo;adapter au contact avec la peau.<\/p>\n<p>Fournis avec plaque, olives de rechange et membrane.<\/p>\n","protected":false},"featured_media":96687,"template":"","meta":{"_acf_changed":false},"product_brand":[],"product_cat":[808,1120],"product_tag":[],"class_list":{"0":"post-96711","1":"product","2":"type-product","3":"status-publish","4":"has-post-thumbnail","6":"product_cat-phonendoscopes-et-sphygmomanometres","7":"product_cat-stethoscopes-riester","9":"first","10":"onbackorder","11":"taxable","12":"shipping-taxable","13":"purchasable","14":"product-type-simple"},"acf":{"fornitore":"GIMA","standard_accessori":"","unita_misura":"1 pz."},"_links":{"self":[{"href":"https:\/\/chmedica.ch\/fr\/wp-json\/wp\/v2\/product\/96711","targetHints":{"allow":["GET"]}}],"collection":[{"href":"https:\/\/chmedica.ch\/fr\/wp-json\/wp\/v2\/product"}],"about":[{"href":"https:\/\/chmedica.ch\/fr\/wp-json\/wp\/v2\/types\/product"}],"wp:featuredmedia":[{"embeddable":true,"href":"https:\/\/chmedica.ch\/fr\/wp-json\/wp\/v2\/media\/96687"}],"wp:attachment":[{"href":"https:\/\/chmedica.ch\/fr\/wp-json\/wp\/v2\/media?parent=96711"}],"wp:term":[{"taxonomy":"product_brand","embeddable":true,"href":"https:\/\/chmedica.ch\/fr\/wp-json\/wp\/v2\/product_brand?post=96711"},{"taxonomy":"product_cat","embeddable":true,"href":"https:\/\/chmedica.ch\/fr\/wp-json\/wp\/v2\/product_cat?post=96711"},{"taxonomy":"product_tag","embeddable":true,"href":"https:\/\/chmedica.ch\/fr\/wp-json\/wp\/v2\/product_tag?post=96711"}],"curies":[{"name":"wp","href":"https:\/\/api.w.org\/{rel}","templated":true}]}}