{"id":95628,"date":"2023-06-23T06:46:50","date_gmt":"2023-06-23T04:46:50","guid":{"rendered":"https:\/\/chmedica.ch\/prodotto\/stethoscope-trad-tete-double-y-bleu\/"},"modified":"2024-01-02T19:38:41","modified_gmt":"2024-01-02T18:38:41","slug":"stethoscope-trad-tete-double-y-bleu","status":"publish","type":"product","link":"https:\/\/chmedica.ch\/fr\/produit\/stethoscope-trad-tete-double-y-bleu\/","title":{"rendered":"ST\u00c9THOSCOPE TRAD T\u00caTE DOUBLE &#8211; Y bleu"},"content":{"rendered":"","protected":false},"excerpt":{"rendered":"<p>ST\u00c9THOSCOPES TRAD t\u00eate double &#8211; SANS LATEX<\/p>\n<p>Des st\u00e9thoscopes classiques en aluminium, l\u00e9gers et fiables.<\/p>\n<p>Pavillon \u00d8 43,5 mm, cloche \u00d8 30 mm mesures externes.<br \/>\nLyre en laiton, bague anti-froid.<br \/>\nTubulure: longueur 62 cm, int. \u00d8 4 mm, ext. \u00d8 8 mm.<br \/>\nLivr\u00e9s dans une bo\u00eete en carton.<br \/>\nMode d&#8217;emploi et bo\u00eete en 11 langues: GB, FR, IT, ES, DE, PT, GR, PL, HU, SE, Arabe.<\/p>\n","protected":false},"featured_media":95622,"template":"","meta":{"_acf_changed":false},"product_brand":[],"product_cat":[1136,808],"product_tag":[],"class_list":{"0":"post-95628","1":"product","2":"type-product","3":"status-publish","4":"has-post-thumbnail","6":"product_cat-duophones-pour-adultes","7":"product_cat-phonendoscopes-et-sphygmomanometres","9":"first","10":"onbackorder","11":"taxable","12":"shipping-taxable","13":"purchasable","14":"product-type-simple"},"acf":{"fornitore":"GIMA","standard_accessori":"","unita_misura":"1 pz."},"_links":{"self":[{"href":"https:\/\/chmedica.ch\/fr\/wp-json\/wp\/v2\/product\/95628","targetHints":{"allow":["GET"]}}],"collection":[{"href":"https:\/\/chmedica.ch\/fr\/wp-json\/wp\/v2\/product"}],"about":[{"href":"https:\/\/chmedica.ch\/fr\/wp-json\/wp\/v2\/types\/product"}],"wp:featuredmedia":[{"embeddable":true,"href":"https:\/\/chmedica.ch\/fr\/wp-json\/wp\/v2\/media\/95622"}],"wp:attachment":[{"href":"https:\/\/chmedica.ch\/fr\/wp-json\/wp\/v2\/media?parent=95628"}],"wp:term":[{"taxonomy":"product_brand","embeddable":true,"href":"https:\/\/chmedica.ch\/fr\/wp-json\/wp\/v2\/product_brand?post=95628"},{"taxonomy":"product_cat","embeddable":true,"href":"https:\/\/chmedica.ch\/fr\/wp-json\/wp\/v2\/product_cat?post=95628"},{"taxonomy":"product_tag","embeddable":true,"href":"https:\/\/chmedica.ch\/fr\/wp-json\/wp\/v2\/product_tag?post=95628"}],"curies":[{"name":"wp","href":"https:\/\/api.w.org\/{rel}","templated":true}]}}