{"id":95595,"date":"2023-06-23T06:46:26","date_gmt":"2023-06-23T04:46:26","guid":{"rendered":"https:\/\/chmedica.ch\/prodotto\/stethoscope-wan-y-bleu\/"},"modified":"2024-01-02T19:39:00","modified_gmt":"2024-01-02T18:39:00","slug":"stethoscope-wan-y-bleu","status":"publish","type":"product","link":"https:\/\/chmedica.ch\/fr\/produit\/stethoscope-wan-y-bleu\/","title":{"rendered":"ST\u00c9THOSCOPE WAN &#8211; Y bleu"},"content":{"rendered":"","protected":false},"excerpt":{"rendered":"<p>WAN t\u00eate simple adulte &#8211; bleu &#8211; sans latex<\/p>\n<p>Ce st\u00e9thoscope combine un pavillon en alliage de zinc chrom\u00e9, une bague de fixation en plastique \u00e0 vis, une lyre \u00e0 ressort externe et tubulure assortie en PVC moul\u00e9 avec une bague anti-froid. Performances acoustiques optimales.<\/p>\n<p>Pavillon: \u00d8 45 mm, cloche: \u00d8 30 mm.<br \/>\nLongueur tubulure: 63 cm, diam\u00e8tre interne 4,2 mm, externe 8 mm.<br \/>\nFourni dans une bo\u00eete en carton.<br \/>\nMode d&#8217;emploi et bo\u00eete en 11 langues: GB, FR, IT, ES, DE, PT, GR, PL, HU, SE, Arabe.<\/p>\n","protected":false},"featured_media":95589,"template":"","meta":{"_acf_changed":false},"product_brand":[],"product_cat":[808,1090],"product_tag":[],"class_list":{"0":"post-95595","1":"product","2":"type-product","3":"status-publish","4":"has-post-thumbnail","6":"product_cat-phonendoscopes-et-sphygmomanometres","7":"product_cat-phonendoscopes-pour-adultes","9":"first","10":"onbackorder","11":"taxable","12":"shipping-taxable","13":"purchasable","14":"product-type-simple"},"acf":{"fornitore":"GIMA","standard_accessori":"","unita_misura":"1 pz."},"_links":{"self":[{"href":"https:\/\/chmedica.ch\/fr\/wp-json\/wp\/v2\/product\/95595","targetHints":{"allow":["GET"]}}],"collection":[{"href":"https:\/\/chmedica.ch\/fr\/wp-json\/wp\/v2\/product"}],"about":[{"href":"https:\/\/chmedica.ch\/fr\/wp-json\/wp\/v2\/types\/product"}],"wp:featuredmedia":[{"embeddable":true,"href":"https:\/\/chmedica.ch\/fr\/wp-json\/wp\/v2\/media\/95589"}],"wp:attachment":[{"href":"https:\/\/chmedica.ch\/fr\/wp-json\/wp\/v2\/media?parent=95595"}],"wp:term":[{"taxonomy":"product_brand","embeddable":true,"href":"https:\/\/chmedica.ch\/fr\/wp-json\/wp\/v2\/product_brand?post=95595"},{"taxonomy":"product_cat","embeddable":true,"href":"https:\/\/chmedica.ch\/fr\/wp-json\/wp\/v2\/product_cat?post=95595"},{"taxonomy":"product_tag","embeddable":true,"href":"https:\/\/chmedica.ch\/fr\/wp-json\/wp\/v2\/product_tag?post=95595"}],"curies":[{"name":"wp","href":"https:\/\/api.w.org\/{rel}","templated":true}]}}