{"id":95331,"date":"2023-06-23T06:44:20","date_gmt":"2023-06-23T04:44:20","guid":{"rendered":"https:\/\/chmedica.ch\/prodotto\/stethoscope-jotarap-a-tete-double-y-fushia\/"},"modified":"2024-01-02T19:40:35","modified_gmt":"2024-01-02T18:40:35","slug":"stethoscope-jotarap-a-tete-double-y-fushia","status":"publish","type":"product","link":"https:\/\/chmedica.ch\/fr\/produit\/stethoscope-jotarap-a-tete-double-y-fushia\/","title":{"rendered":"ST\u00c9THOSCOPE JOTARAP \u00c0 T\u00caTE DOUBLE &#8211; Y fushia"},"content":{"rendered":"<p>\u2022 Couleur: fushia<br \/>\n\u2022 Petit diaphragme: \u00d8 25 mm<br \/>\n\u2022 grand diaphragme: \u00d8 37 mm<br \/>\n\u2022 Enclenchement de la t\u00eate en position \u00e0 chaque tour de 180\u00b0<br \/>\n\u2022 ID\u00c9AL POUR LES EXAMENS ADULTES, P\u00c9DIATRIQUES ET N\u00c9ONATAUX<\/p>\n","protected":false},"excerpt":{"rendered":"<p>St\u00e9thoscope Gima de type Sprague Rappaport double tube \u00e0 t\u00eate double, sans latex propos\u00e9 au m\u00eame prix qu&rsquo;un st\u00e9thoscope standard. <\/p>\n<p>\u2022 5 instruments en 1: ce st\u00e9thoscope peut \u00eatre utilis\u00e9 pour 5 applications diff\u00e9rentes. Transformable, ce st\u00e9thoscope en alliage de zinc comprend un tambour de lyre chrom\u00e9 auquel il est possible d&rsquo;adapter des lyres de taille diff\u00e9rentes, peut couvrir une vaste plage de sons cardiaques et pulmonaires des enfants aux adultes. La lyre est munie d&rsquo;un petit et d&rsquo;un grand diaphragme. <\/p>\n<p>\u2022 Sa conception double tube permet la transmission des sons individuels. Les deux tubes \u00e0 paroi \u00e9paisse de 56 cm (sans latex) assurent la transmission individuelle des sons en direction de chaque oreille.<\/p>\n","protected":false},"featured_media":95307,"template":"","meta":{"_acf_changed":false},"product_brand":[],"product_cat":[1136,808],"product_tag":[],"class_list":{"0":"post-95331","1":"product","2":"type-product","3":"status-publish","4":"has-post-thumbnail","6":"product_cat-duophones-pour-adultes","7":"product_cat-phonendoscopes-et-sphygmomanometres","9":"first","10":"onbackorder","11":"taxable","12":"shipping-taxable","13":"purchasable","14":"product-type-simple"},"acf":{"fornitore":"GIMA","standard_accessori":"","unita_misura":"1 pz."},"_links":{"self":[{"href":"https:\/\/chmedica.ch\/fr\/wp-json\/wp\/v2\/product\/95331","targetHints":{"allow":["GET"]}}],"collection":[{"href":"https:\/\/chmedica.ch\/fr\/wp-json\/wp\/v2\/product"}],"about":[{"href":"https:\/\/chmedica.ch\/fr\/wp-json\/wp\/v2\/types\/product"}],"wp:featuredmedia":[{"embeddable":true,"href":"https:\/\/chmedica.ch\/fr\/wp-json\/wp\/v2\/media\/95307"}],"wp:attachment":[{"href":"https:\/\/chmedica.ch\/fr\/wp-json\/wp\/v2\/media?parent=95331"}],"wp:term":[{"taxonomy":"product_brand","embeddable":true,"href":"https:\/\/chmedica.ch\/fr\/wp-json\/wp\/v2\/product_brand?post=95331"},{"taxonomy":"product_cat","embeddable":true,"href":"https:\/\/chmedica.ch\/fr\/wp-json\/wp\/v2\/product_cat?post=95331"},{"taxonomy":"product_tag","embeddable":true,"href":"https:\/\/chmedica.ch\/fr\/wp-json\/wp\/v2\/product_tag?post=95331"}],"curies":[{"name":"wp","href":"https:\/\/api.w.org\/{rel}","templated":true}]}}