{"id":94083,"date":"2023-06-23T06:34:31","date_gmt":"2023-06-23T04:34:31","guid":{"rendered":"https:\/\/chmedica.ch\/prodotto\/brassard-de-perfusion-a-pression-riester-metpak-1000-cc\/"},"modified":"2024-01-02T19:48:51","modified_gmt":"2024-01-02T18:48:51","slug":"brassard-de-perfusion-a-pression-riester-metpak-1000-cc","status":"publish","type":"product","link":"https:\/\/chmedica.ch\/fr\/produit\/brassard-de-perfusion-a-pression-riester-metpak-1000-cc\/","title":{"rendered":"BRASSARD DE PERFUSION A PRESSION RIESTER METPAK 1000 CC"},"content":{"rendered":"","protected":false},"excerpt":{"rendered":"<p>Brassard de gonflage Riester Metpak\u00ae &#8211; 1000 cc &#8211; sans latex<\/p>\n<p>Brassard pour gonflage avec manom\u00e8tre chrom\u00e9 jusqu&rsquo;\u00e0 300 mmHg haute qualit\u00e9 \u00d8 49 mm.<br \/>\nBrassard en coton bleu r\u00e9sistant lavable \u00e0 60\u00b0<br \/>\nFabriqu\u00e9 en Allemagne.<\/p>\n","protected":false},"featured_media":0,"template":"","meta":{"_acf_changed":false},"product_brand":[],"product_cat":[1180,808],"product_tag":[],"class_list":{"0":"post-94083","1":"product","2":"type-product","3":"status-publish","5":"product_cat-bracelets-de-transfusion","6":"product_cat-phonendoscopes-et-sphygmomanometres","8":"first","9":"onbackorder","10":"taxable","11":"shipping-taxable","12":"purchasable","13":"product-type-simple"},"acf":{"fornitore":"GIMA","standard_accessori":"","unita_misura":"1 pz."},"_links":{"self":[{"href":"https:\/\/chmedica.ch\/fr\/wp-json\/wp\/v2\/product\/94083","targetHints":{"allow":["GET"]}}],"collection":[{"href":"https:\/\/chmedica.ch\/fr\/wp-json\/wp\/v2\/product"}],"about":[{"href":"https:\/\/chmedica.ch\/fr\/wp-json\/wp\/v2\/types\/product"}],"wp:attachment":[{"href":"https:\/\/chmedica.ch\/fr\/wp-json\/wp\/v2\/media?parent=94083"}],"wp:term":[{"taxonomy":"product_brand","embeddable":true,"href":"https:\/\/chmedica.ch\/fr\/wp-json\/wp\/v2\/product_brand?post=94083"},{"taxonomy":"product_cat","embeddable":true,"href":"https:\/\/chmedica.ch\/fr\/wp-json\/wp\/v2\/product_cat?post=94083"},{"taxonomy":"product_tag","embeddable":true,"href":"https:\/\/chmedica.ch\/fr\/wp-json\/wp\/v2\/product_tag?post=94083"}],"curies":[{"name":"wp","href":"https:\/\/api.w.org\/{rel}","templated":true}]}}