{"id":9372,"date":"2023-06-16T12:25:56","date_gmt":"2023-06-16T10:25:56","guid":{"rendered":"https:\/\/chmedica.ch\/prodotto\/cable-veterinaire-3-derivations-cable-3-connecteurs-clipsables\/"},"modified":"2024-01-02T20:56:14","modified_gmt":"2024-01-02T19:56:14","slug":"cable-veterinaire-3-derivations-cable-3-connecteurs-clipsables","status":"publish","type":"product","link":"https:\/\/chmedica.ch\/fr\/produit\/cable-veterinaire-3-derivations-cable-3-connecteurs-clipsables\/","title":{"rendered":"C\u00c2BLE V\u00c9T\u00c9RINAIRE 3 D\u00c9RIVATIONS (c\u00e2ble + 3 connecteurs clipsables)"},"content":{"rendered":"<p>0<\/p>\n","protected":false},"excerpt":{"rendered":"<p>Accessoires ECG pour moniteurs BM3 et BM5 (codes: 33718,19,20,21,22,23,24,80,81).<\/p>\n<p>\u2022 Le kit se compose de:<br \/>\n  &#8211; Connecteurs \u00e0 clip v\u00e9t\u00e9rinaires (33760)<br \/>\n  &#8211; C\u00e2ble 3 d\u00e9rivations (33762)<br \/>\n\u2022 Nouveau mod\u00e9le (apr\u00e8s 6\/2006<\/p>\n","protected":false},"featured_media":0,"template":"","meta":{"_acf_changed":false},"product_brand":[],"product_cat":[766,1338],"product_tag":[],"class_list":{"0":"post-9372","1":"product","2":"type-product","3":"status-publish","5":"product_cat-accessoires-et-pieces-de-rechange-moniteurs-bm1bm3bm5","6":"product_cat-cables-ecg-pour-moniteurs-bm","8":"first","9":"onbackorder","10":"taxable","11":"shipping-taxable","12":"purchasable","13":"product-type-simple"},"acf":{"fornitore":"GIMA","standard_accessori":"0","unita_misura":"1 pz."},"_links":{"self":[{"href":"https:\/\/chmedica.ch\/fr\/wp-json\/wp\/v2\/product\/9372","targetHints":{"allow":["GET"]}}],"collection":[{"href":"https:\/\/chmedica.ch\/fr\/wp-json\/wp\/v2\/product"}],"about":[{"href":"https:\/\/chmedica.ch\/fr\/wp-json\/wp\/v2\/types\/product"}],"wp:attachment":[{"href":"https:\/\/chmedica.ch\/fr\/wp-json\/wp\/v2\/media?parent=9372"}],"wp:term":[{"taxonomy":"product_brand","embeddable":true,"href":"https:\/\/chmedica.ch\/fr\/wp-json\/wp\/v2\/product_brand?post=9372"},{"taxonomy":"product_cat","embeddable":true,"href":"https:\/\/chmedica.ch\/fr\/wp-json\/wp\/v2\/product_cat?post=9372"},{"taxonomy":"product_tag","embeddable":true,"href":"https:\/\/chmedica.ch\/fr\/wp-json\/wp\/v2\/product_tag?post=9372"}],"curies":[{"name":"wp","href":"https:\/\/api.w.org\/{rel}","templated":true}]}}