{"id":9357,"date":"2023-06-16T12:25:29","date_gmt":"2023-06-16T10:25:29","guid":{"rendered":"https:\/\/chmedica.ch\/prodotto\/brassard-obese-vessie-a-1-tube\/"},"modified":"2024-01-02T20:01:54","modified_gmt":"2024-01-02T19:01:54","slug":"brassard-obese-vessie-a-1-tube","status":"publish","type":"product","link":"https:\/\/chmedica.ch\/fr\/produit\/brassard-obese-vessie-a-1-tube\/","title":{"rendered":"BRASSARD OB\u00c8SE + VESSIE \u00c0 1 TUBE"},"content":{"rendered":"","protected":false},"excerpt":{"rendered":"<p>Brassard en nylon calibr\u00e9s avec vessie en TPU et 1 tube en PVC<\/p>\n<p>&#8211; Couleur: bleu<br \/>\n&#8211; Mod\u00e8le: ob\u00e8se<br \/>\n&#8211; Taille: 62 x 17,5 cm<br \/>\n&#8211; Circonf\u00e9rence des bras: 34 \u00e0 51 cm<br \/>\n&#8211; Sans latex<\/p>\n","protected":false},"featured_media":9354,"template":"","meta":{"_acf_changed":false},"product_brand":[],"product_cat":[1002,766],"product_tag":[],"class_list":{"0":"post-9357","1":"product","2":"type-product","3":"status-publish","4":"has-post-thumbnail","6":"product_cat-accessoires-et-pieces-de-rechange-moniteurs-bm","7":"product_cat-accessoires-et-pieces-de-rechange-moniteurs-bm1bm3bm5","9":"first","10":"onbackorder","11":"taxable","12":"shipping-taxable","13":"purchasable","14":"product-type-simple"},"acf":{"fornitore":"GIMA","standard_accessori":"","unita_misura":"1 pz."},"_links":{"self":[{"href":"https:\/\/chmedica.ch\/fr\/wp-json\/wp\/v2\/product\/9357","targetHints":{"allow":["GET"]}}],"collection":[{"href":"https:\/\/chmedica.ch\/fr\/wp-json\/wp\/v2\/product"}],"about":[{"href":"https:\/\/chmedica.ch\/fr\/wp-json\/wp\/v2\/types\/product"}],"wp:featuredmedia":[{"embeddable":true,"href":"https:\/\/chmedica.ch\/fr\/wp-json\/wp\/v2\/media\/9354"}],"wp:attachment":[{"href":"https:\/\/chmedica.ch\/fr\/wp-json\/wp\/v2\/media?parent=9357"}],"wp:term":[{"taxonomy":"product_brand","embeddable":true,"href":"https:\/\/chmedica.ch\/fr\/wp-json\/wp\/v2\/product_brand?post=9357"},{"taxonomy":"product_cat","embeddable":true,"href":"https:\/\/chmedica.ch\/fr\/wp-json\/wp\/v2\/product_cat?post=9357"},{"taxonomy":"product_tag","embeddable":true,"href":"https:\/\/chmedica.ch\/fr\/wp-json\/wp\/v2\/product_tag?post=9357"}],"curies":[{"name":"wp","href":"https:\/\/api.w.org\/{rel}","templated":true}]}}