{"id":9243,"date":"2023-06-16T12:23:24","date_gmt":"2023-06-16T10:23:24","guid":{"rendered":"https:\/\/chmedica.ch\/prodotto\/ensemble-de-cannules-daspiration-uterine-6-cann1-poignee\/"},"modified":"2024-01-02T17:07:10","modified_gmt":"2024-01-02T16:07:10","slug":"ensemble-de-cannules-daspiration-uterine-6-cann1-poignee","status":"publish","type":"product","link":"https:\/\/chmedica.ch\/fr\/produit\/ensemble-de-cannules-daspiration-uterine-6-cann1-poignee\/","title":{"rendered":"ENSEMBLE DE CANNULES D&rsquo;ASPIRATION UT\u00c9RINE (6 cann+1 poign\u00e9e)"},"content":{"rendered":"","protected":false},"excerpt":{"rendered":"<p>S\u00e9rie de 7 canules d&rsquo;aspiration ut\u00e9rine pour avortement, en laiton chrom\u00e9:<\/p>\n<p>&#8211; 4 canules \u00e0 entr\u00e9e d&rsquo;aspiration axiale (\u00d8 5, 6, 8, 9 mm)<br \/>\n&#8211; 3 canules avec orifice d&rsquo;aspiration frontale (\u00d8 7, 10, 11 mm)<br \/>\n&#8211; 1 poign\u00e9e<\/p>\n","protected":false},"featured_media":9240,"template":"","meta":{"_acf_changed":false},"product_brand":[],"product_cat":[832,1216],"product_tag":[],"class_list":{"0":"post-9243","1":"product","2":"type-product","3":"status-publish","4":"has-post-thumbnail","6":"product_cat-accessoires-aspirateurs","7":"product_cat-canules-et-catheters","9":"first","10":"onbackorder","11":"taxable","12":"shipping-taxable","13":"purchasable","14":"product-type-simple"},"acf":{"fornitore":"GIMA","standard_accessori":"","unita_misura":"1 kit"},"_links":{"self":[{"href":"https:\/\/chmedica.ch\/fr\/wp-json\/wp\/v2\/product\/9243","targetHints":{"allow":["GET"]}}],"collection":[{"href":"https:\/\/chmedica.ch\/fr\/wp-json\/wp\/v2\/product"}],"about":[{"href":"https:\/\/chmedica.ch\/fr\/wp-json\/wp\/v2\/types\/product"}],"wp:featuredmedia":[{"embeddable":true,"href":"https:\/\/chmedica.ch\/fr\/wp-json\/wp\/v2\/media\/9240"}],"wp:attachment":[{"href":"https:\/\/chmedica.ch\/fr\/wp-json\/wp\/v2\/media?parent=9243"}],"wp:term":[{"taxonomy":"product_brand","embeddable":true,"href":"https:\/\/chmedica.ch\/fr\/wp-json\/wp\/v2\/product_brand?post=9243"},{"taxonomy":"product_cat","embeddable":true,"href":"https:\/\/chmedica.ch\/fr\/wp-json\/wp\/v2\/product_cat?post=9243"},{"taxonomy":"product_tag","embeddable":true,"href":"https:\/\/chmedica.ch\/fr\/wp-json\/wp\/v2\/product_tag?post=9243"}],"curies":[{"name":"wp","href":"https:\/\/api.w.org\/{rel}","templated":true}]}}