{"id":91488,"date":"2023-06-23T06:09:38","date_gmt":"2023-06-23T04:09:38","guid":{"rendered":"https:\/\/chmedica.ch\/prodotto\/defibrillateur-aed-automatique-rescue-sam-francais\/"},"modified":"2024-01-02T20:23:25","modified_gmt":"2024-01-02T19:23:25","slug":"defibrillateur-aed-automatique-rescue-sam-francais","status":"publish","type":"product","link":"https:\/\/chmedica.ch\/fr\/produit\/defibrillateur-aed-automatique-rescue-sam-francais\/","title":{"rendered":"D\u00c9FIBRILLATEUR AED AUTOMATIQUE RESCUE SAM &#8211; Francais"},"content":{"rendered":"<p>&#8211; Mode de fonctionnement: enti\u00e8rement automatique<br \/>\n&#8211; Forme d\u2019onde: BET (Biphasique Exponentielle Tronqu\u00e9e) imp\u00e9dance compens\u00e9e<br \/>\n&#8211; \u00c9nergie: Fix\u00e9e \u00e0 200 J<br \/>\n&#8211; Contr\u00f4le de charge: Automatis\u00e9 par le logiciel (syst\u00e8me de d\u00e9tection des arythmies et de contr\u00f4le de charge)<br \/>\n&#8211; Temps de chargement: &lt; 8 secondes g\u00e9n\u00e9ralement avec batterie neuve<br \/>\n&#8211; Vecteur de livrason de choc: \u00e9lectrodes adultes en position avant (Lead II) ou \u00e9lectrodes p\u00e9diatriques \u00e0 faible \u00e9nergie en position avant-arri\u00e8re<br \/>\n&#8211; Instructions vocales: Messages d\u2019indications vocaux et optiques<br \/>\n&#8211; Autotest: Automatique, insertion de la batterie, quotidien<br \/>\n&#8211; Batterie: 12 V CC, 4,2 Ah, LiMnO2, jetable, longue dur\u00e9e<br \/>\n&#8211; Capacit\u00e9 de la batterie: 200 chocs ou 4 heures de fonctionnement<br \/>\n&#8211; Enregistrement de donn\u00e9es, stockage: 60 premi\u00e8res minutes de l\u2019ECG et la dur\u00e9e totale de l\u2019incident<br \/>\n&#8211; Dimensions &#8211; poids: 30x28x9 h cm &#8211; 2,3 kg avec batterie<\/p>\n","protected":false},"excerpt":{"rendered":"<p>D\u00e9fibrillateur externe enti\u00e8rement automatique pour l\u2019utilisation publique par des personnes peu form\u00e9es. Il fournit des indications simples et faciles pour des op\u00e9rations de sauvetage. Il a \u00e9t\u00e9 con\u00e7u pour traiter les \u00e9v\u00e9nements de fibrillation ventriculaire (FV) et de tachycardie ventriculaire rapide.<br \/>\nFourni avec une batterie au lithium, un kit d\u2019\u00e9lectrodes pour adultes et un manuel. Conforme aux directives AHA\/ERC 2010. Fabriqu\u00e9 en Italie.<\/p>\n","protected":false},"featured_media":0,"template":"","meta":{"_acf_changed":false},"product_brand":[],"product_cat":[966,860],"product_tag":[],"class_list":{"0":"post-91488","1":"product","2":"type-product","3":"status-publish","5":"product_cat-defibrillateurs","6":"product_cat-urgence-et-pansement","8":"first","9":"onbackorder","10":"taxable","11":"shipping-taxable","12":"purchasable","13":"product-type-simple"},"acf":{"fornitore":"GIMA","standard_accessori":"","unita_misura":"1 pz."},"_links":{"self":[{"href":"https:\/\/chmedica.ch\/fr\/wp-json\/wp\/v2\/product\/91488","targetHints":{"allow":["GET"]}}],"collection":[{"href":"https:\/\/chmedica.ch\/fr\/wp-json\/wp\/v2\/product"}],"about":[{"href":"https:\/\/chmedica.ch\/fr\/wp-json\/wp\/v2\/types\/product"}],"wp:attachment":[{"href":"https:\/\/chmedica.ch\/fr\/wp-json\/wp\/v2\/media?parent=91488"}],"wp:term":[{"taxonomy":"product_brand","embeddable":true,"href":"https:\/\/chmedica.ch\/fr\/wp-json\/wp\/v2\/product_brand?post=91488"},{"taxonomy":"product_cat","embeddable":true,"href":"https:\/\/chmedica.ch\/fr\/wp-json\/wp\/v2\/product_cat?post=91488"},{"taxonomy":"product_tag","embeddable":true,"href":"https:\/\/chmedica.ch\/fr\/wp-json\/wp\/v2\/product_tag?post=91488"}],"curies":[{"name":"wp","href":"https:\/\/api.w.org\/{rel}","templated":true}]}}