{"id":91476,"date":"2023-06-23T06:09:30","date_gmt":"2023-06-23T04:09:30","guid":{"rendered":"https:\/\/chmedica.ch\/prodotto\/simulateur-sam-pro-pour-rescue-sam-defibrillateur-semiautomatique-aed-italien\/"},"modified":"2024-01-02T20:23:39","modified_gmt":"2024-01-02T19:23:39","slug":"simulateur-sam-pro-pour-rescue-sam-defibrillateur-semiautomatique-aed-italien","status":"publish","type":"product","link":"https:\/\/chmedica.ch\/fr\/produit\/simulateur-sam-pro-pour-rescue-sam-defibrillateur-semiautomatique-aed-italien\/","title":{"rendered":"SIMULATEUR SAM PRO pour Rescue Sam defibrillateur semiautomatique AED &#8211; Italien"},"content":{"rendered":"","protected":false},"excerpt":{"rendered":"<p>Con\u00e7u sp\u00e9cifiquement pour s&rsquo;entra\u00eener \u00e0 l&rsquo;utilisation du RESCUE SAM, gr\u00e2ce \u00e0 ses instructions sonores et visuelles simples et claires.<br \/>\n5 types de sc\u00e9narios pr\u00e9-r\u00e9gl\u00e9s s\u00e9lectionnables par commande \u00e0 distance.<br \/>\nSimulation r\u00e9aliste et totalement s\u00fbre.<br \/>\nLivr\u00e9 avec commande \u00e0 distance, \u00e9lectrodes d&rsquo;entra\u00eenement, chargeur batterie.<\/p>\n","protected":false},"featured_media":91470,"template":"","meta":{"_acf_changed":false},"product_brand":[],"product_cat":[966,860],"product_tag":[],"class_list":{"0":"post-91476","1":"product","2":"type-product","3":"status-publish","4":"has-post-thumbnail","6":"product_cat-defibrillateurs","7":"product_cat-urgence-et-pansement","9":"first","10":"onbackorder","11":"taxable","12":"shipping-taxable","13":"purchasable","14":"product-type-simple"},"acf":{"fornitore":"GIMA","standard_accessori":"","unita_misura":"1 pz."},"_links":{"self":[{"href":"https:\/\/chmedica.ch\/fr\/wp-json\/wp\/v2\/product\/91476","targetHints":{"allow":["GET"]}}],"collection":[{"href":"https:\/\/chmedica.ch\/fr\/wp-json\/wp\/v2\/product"}],"about":[{"href":"https:\/\/chmedica.ch\/fr\/wp-json\/wp\/v2\/types\/product"}],"wp:featuredmedia":[{"embeddable":true,"href":"https:\/\/chmedica.ch\/fr\/wp-json\/wp\/v2\/media\/91470"}],"wp:attachment":[{"href":"https:\/\/chmedica.ch\/fr\/wp-json\/wp\/v2\/media?parent=91476"}],"wp:term":[{"taxonomy":"product_brand","embeddable":true,"href":"https:\/\/chmedica.ch\/fr\/wp-json\/wp\/v2\/product_brand?post=91476"},{"taxonomy":"product_cat","embeddable":true,"href":"https:\/\/chmedica.ch\/fr\/wp-json\/wp\/v2\/product_cat?post=91476"},{"taxonomy":"product_tag","embeddable":true,"href":"https:\/\/chmedica.ch\/fr\/wp-json\/wp\/v2\/product_tag?post=91476"}],"curies":[{"name":"wp","href":"https:\/\/api.w.org\/{rel}","templated":true}]}}