{"id":90933,"date":"2023-06-23T06:05:40","date_gmt":"2023-06-23T04:05:40","guid":{"rendered":"https:\/\/chmedica.ch\/prodotto\/nouveau-cable-ecg-3-broches-pour-33260-1-35162\/"},"modified":"2024-01-02T20:29:26","modified_gmt":"2024-01-02T19:29:26","slug":"nouveau-cable-ecg-3-broches-pour-33260-1-35162","status":"publish","type":"product","link":"https:\/\/chmedica.ch\/fr\/produit\/nouveau-cable-ecg-3-broches-pour-33260-1-35162\/","title":{"rendered":"Nouveau C\u00c2BLE ECG, 3 broches pour 33260-1, 35162"},"content":{"rendered":"","protected":false},"excerpt":{"rendered":"<p>Nouveau c\u00e2ble avec 3 d\u00e9rivation pour ECG de poche.<\/p>\n<p>Compatible avec:<br \/>\n&#8211; ECG DE POCHE CARDIO-A (cod. 33260)<br \/>\n&#8211; ECG DE POCHE CARDIO-B (cod. 33261)<br \/>\n&#8211; Module ECG pour PC-200\/300 (cod. 35178)<\/p>\n","protected":false},"featured_media":90927,"template":"","meta":{"_acf_changed":false},"product_brand":[],"product_cat":[818,1070],"product_tag":[],"class_list":{"0":"post-90933","1":"product","2":"type-product","3":"status-publish","4":"has-post-thumbnail","6":"product_cat-ecg-et-holter-ecg","7":"product_cat-electrocardiographes-portables","9":"first","10":"onbackorder","11":"taxable","12":"shipping-taxable","13":"purchasable","14":"product-type-simple"},"acf":{"fornitore":"GIMA","standard_accessori":"","unita_misura":"1 pz."},"_links":{"self":[{"href":"https:\/\/chmedica.ch\/fr\/wp-json\/wp\/v2\/product\/90933","targetHints":{"allow":["GET"]}}],"collection":[{"href":"https:\/\/chmedica.ch\/fr\/wp-json\/wp\/v2\/product"}],"about":[{"href":"https:\/\/chmedica.ch\/fr\/wp-json\/wp\/v2\/types\/product"}],"wp:featuredmedia":[{"embeddable":true,"href":"https:\/\/chmedica.ch\/fr\/wp-json\/wp\/v2\/media\/90927"}],"wp:attachment":[{"href":"https:\/\/chmedica.ch\/fr\/wp-json\/wp\/v2\/media?parent=90933"}],"wp:term":[{"taxonomy":"product_brand","embeddable":true,"href":"https:\/\/chmedica.ch\/fr\/wp-json\/wp\/v2\/product_brand?post=90933"},{"taxonomy":"product_cat","embeddable":true,"href":"https:\/\/chmedica.ch\/fr\/wp-json\/wp\/v2\/product_cat?post=90933"},{"taxonomy":"product_tag","embeddable":true,"href":"https:\/\/chmedica.ch\/fr\/wp-json\/wp\/v2\/product_tag?post=90933"}],"curies":[{"name":"wp","href":"https:\/\/api.w.org\/{rel}","templated":true}]}}