{"id":90912,"date":"2023-06-23T06:05:28","date_gmt":"2023-06-23T04:05:28","guid":{"rendered":"https:\/\/chmedica.ch\/prodotto\/flacon-de-creme-conductrice-pour-tecartheraphie-1-l\/"},"modified":"2025-11-20T14:36:28","modified_gmt":"2025-11-20T13:36:28","slug":"flacon-de-creme-conductrice-pour-tecartheraphie-1-l","status":"publish","type":"product","link":"https:\/\/chmedica.ch\/fr\/produit\/flacon-de-creme-conductrice-pour-tecartheraphie-1-l\/","title":{"rendered":"FLACON DE CR\u00c9ME CONDUCTRICE POUR TECARTHERAPHIE 1 l"},"content":{"rendered":"","protected":false},"excerpt":{"rendered":"<p>Aide \u00e0 r\u00e9duire l\u2019imp\u00e9dance de contact entre la sonde et la peau.<\/p>\n<p>Sa conductivit\u00e9 \u00e9lev\u00e9e garantit d\u2019excellents r\u00e9sultats soit en phase capacitive qu\u2019en phase r\u00e9sistive.<\/p>\n<p>Conservateurs et colorants non toxiques.<\/p>\n<p>Sans latex.<\/p>\n","protected":false},"featured_media":90906,"template":"","meta":{"_acf_changed":false},"product_brand":[],"product_cat":[828,1308],"product_tag":[],"class_list":{"0":"post-90912","1":"product","2":"type-product","3":"status-publish","4":"has-post-thumbnail","6":"product_cat-phisioterapie-et-accessoires","7":"product_cat-therapie-tecar","9":"first","10":"onbackorder","11":"taxable","12":"shipping-taxable","13":"purchasable","14":"product-type-simple"},"acf":{"fornitore":"GIMA","standard_accessori":"","unita_misura":"1 pz."},"_links":{"self":[{"href":"https:\/\/chmedica.ch\/fr\/wp-json\/wp\/v2\/product\/90912","targetHints":{"allow":["GET"]}}],"collection":[{"href":"https:\/\/chmedica.ch\/fr\/wp-json\/wp\/v2\/product"}],"about":[{"href":"https:\/\/chmedica.ch\/fr\/wp-json\/wp\/v2\/types\/product"}],"wp:featuredmedia":[{"embeddable":true,"href":"https:\/\/chmedica.ch\/fr\/wp-json\/wp\/v2\/media\/90906"}],"wp:attachment":[{"href":"https:\/\/chmedica.ch\/fr\/wp-json\/wp\/v2\/media?parent=90912"}],"wp:term":[{"taxonomy":"product_brand","embeddable":true,"href":"https:\/\/chmedica.ch\/fr\/wp-json\/wp\/v2\/product_brand?post=90912"},{"taxonomy":"product_cat","embeddable":true,"href":"https:\/\/chmedica.ch\/fr\/wp-json\/wp\/v2\/product_cat?post=90912"},{"taxonomy":"product_tag","embeddable":true,"href":"https:\/\/chmedica.ch\/fr\/wp-json\/wp\/v2\/product_tag?post=90912"}],"curies":[{"name":"wp","href":"https:\/\/api.w.org\/{rel}","templated":true}]}}