{"id":90852,"date":"2023-06-23T06:04:57","date_gmt":"2023-06-23T04:04:57","guid":{"rendered":"https:\/\/chmedica.ch\/prodotto\/ecg-de-poche-cardio-b\/"},"modified":"2024-01-02T20:30:37","modified_gmt":"2024-01-02T19:30:37","slug":"ecg-de-poche-cardio-b","status":"publish","type":"product","link":"https:\/\/chmedica.ch\/fr\/produit\/ecg-de-poche-cardio-b\/","title":{"rendered":"ECG DE POCHE CARDIO-B"},"content":{"rendered":"<p>\u2022 Largeur de bande ECG: 1 Hz &#8211; 40 Hz<br \/>\n\u2022 Plage de mesure du rythme cardiaque: 30 &#8211; 240 bpm \u00b1 2 bpm<br \/>\n\u2022 \u00c9cran LCD r\u00e9tro-\u00e9clair\u00e9: matrice de points 240 x 160<br \/>\n\u2022 Dimensions affichage: 57,6 x 40 mm<br \/>\n\u2022 Alimentation: 2 piles AAA<br \/>\n\u2022 Dimensions: 125 x 70 x 21,5 mm<br \/>\n\u2022 Poids: 106 g<\/p>\n","protected":false},"excerpt":{"rendered":"<p>Les ECG de poche sont con\u00e7us pour les g\u00e9n\u00e9ralistes ou les patients souffrant de maladies cardio-vasculaires comme l\u2019hypertension ou les maladies coronariennes, pour leur permettre d\u2019effectuer des ECG au quotidien. Les enregistrements peuvent \u00eatre m\u00e9moris\u00e9s et utilis\u00e9s comme r\u00e9f\u00e9rence pour les applications cliniques.<\/p>\n<p>4 modes de mesure: paume, jambe, torse ou mesure traditionnelle via d\u00e9rivations.<\/p>\n<p>Caract\u00e9ristiques principales:<br \/>\n&#8211; compact, portable et simple \u00e0 utiliser<br \/>\n&#8211; trac\u00e9 ECG sur 30 sec. et r\u00e9sultat de la mesure<br \/>\n&#8211; possibilit\u00e9 de m\u00e9moriser 1200 formes d\u2019ondes ECG<br \/>\n&#8211; 10 h de stockage continu des mesures ECG<br \/>\n&#8211; 17 types d\u2019analyse et de rapport de trac\u00e9 ECG<br \/>\n&#8211; interface USB 2,0 avec c\u00e2ble de donn\u00e9es et logiciel de lecture ECG en option<br \/>\n&#8211; mesure traditionnelle avec c\u00e2ble ECG en option<\/p>\n<p>Livr\u00e9 avec mode d\u2019emploi et bo\u00eete multilingue (GB, FR, IT, ES).<\/p>\n","protected":false},"featured_media":90840,"template":"","meta":{"_acf_changed":false},"product_brand":[],"product_cat":[818,1070],"product_tag":[],"class_list":{"0":"post-90852","1":"product","2":"type-product","3":"status-publish","4":"has-post-thumbnail","6":"product_cat-ecg-et-holter-ecg","7":"product_cat-electrocardiographes-portables","9":"first","10":"onbackorder","11":"taxable","12":"shipping-taxable","13":"purchasable","14":"product-type-simple"},"acf":{"fornitore":"GIMA","standard_accessori":"","unita_misura":"1 pz."},"_links":{"self":[{"href":"https:\/\/chmedica.ch\/fr\/wp-json\/wp\/v2\/product\/90852","targetHints":{"allow":["GET"]}}],"collection":[{"href":"https:\/\/chmedica.ch\/fr\/wp-json\/wp\/v2\/product"}],"about":[{"href":"https:\/\/chmedica.ch\/fr\/wp-json\/wp\/v2\/types\/product"}],"wp:featuredmedia":[{"embeddable":true,"href":"https:\/\/chmedica.ch\/fr\/wp-json\/wp\/v2\/media\/90840"}],"wp:attachment":[{"href":"https:\/\/chmedica.ch\/fr\/wp-json\/wp\/v2\/media?parent=90852"}],"wp:term":[{"taxonomy":"product_brand","embeddable":true,"href":"https:\/\/chmedica.ch\/fr\/wp-json\/wp\/v2\/product_brand?post=90852"},{"taxonomy":"product_cat","embeddable":true,"href":"https:\/\/chmedica.ch\/fr\/wp-json\/wp\/v2\/product_cat?post=90852"},{"taxonomy":"product_tag","embeddable":true,"href":"https:\/\/chmedica.ch\/fr\/wp-json\/wp\/v2\/product_tag?post=90852"}],"curies":[{"name":"wp","href":"https:\/\/api.w.org\/{rel}","templated":true}]}}