{"id":90327,"date":"2023-06-23T06:00:29","date_gmt":"2023-06-23T04:00:29","guid":{"rendered":"https:\/\/chmedica.ch\/prodotto\/electrodes-dextremites-avec-fixation-adulte\/"},"modified":"2024-01-02T20:37:01","modified_gmt":"2024-01-02T19:37:01","slug":"electrodes-dextremites-avec-fixation-adulte","status":"publish","type":"product","link":"https:\/\/chmedica.ch\/fr\/produit\/electrodes-dextremites-avec-fixation-adulte\/","title":{"rendered":"\u00c9LECTRODES D&rsquo;EXTR\u00c9MIT\u00c9S AVEC FIXATION adulte"},"content":{"rendered":"","protected":false},"excerpt":{"rendered":"<p>\u00c9LECTRODES ECG UNIVERSELLES R\u00c9UTILISABLES<\/p>\n<p>Jeu de 4 \u00e9lectrodes d\u2019extr\u00e9mit\u00e9 avec fixation (4 couleurs) adulte<\/p>\n<p>Pince adulte 30 x 130 mm<\/p>\n<p>Connexion universelle : trou avec vis (4mm) et clip.<\/p>\n","protected":false},"featured_media":90321,"template":"","meta":{"_acf_changed":false},"product_brand":[],"product_cat":[776,1010],"product_tag":[],"class_list":{"0":"post-90327","1":"product","2":"type-product","3":"status-publish","4":"has-post-thumbnail","6":"product_cat-ecg-moniteur-echographie","7":"product_cat-electrodes-cables-et-accessoires-ecg","9":"first","10":"onbackorder","11":"taxable","12":"shipping-taxable","13":"purchasable","14":"product-type-simple"},"acf":{"fornitore":"GIMA","standard_accessori":"","unita_misura":"conf. 4 pz."},"_links":{"self":[{"href":"https:\/\/chmedica.ch\/fr\/wp-json\/wp\/v2\/product\/90327","targetHints":{"allow":["GET"]}}],"collection":[{"href":"https:\/\/chmedica.ch\/fr\/wp-json\/wp\/v2\/product"}],"about":[{"href":"https:\/\/chmedica.ch\/fr\/wp-json\/wp\/v2\/types\/product"}],"wp:featuredmedia":[{"embeddable":true,"href":"https:\/\/chmedica.ch\/fr\/wp-json\/wp\/v2\/media\/90321"}],"wp:attachment":[{"href":"https:\/\/chmedica.ch\/fr\/wp-json\/wp\/v2\/media?parent=90327"}],"wp:term":[{"taxonomy":"product_brand","embeddable":true,"href":"https:\/\/chmedica.ch\/fr\/wp-json\/wp\/v2\/product_brand?post=90327"},{"taxonomy":"product_cat","embeddable":true,"href":"https:\/\/chmedica.ch\/fr\/wp-json\/wp\/v2\/product_cat?post=90327"},{"taxonomy":"product_tag","embeddable":true,"href":"https:\/\/chmedica.ch\/fr\/wp-json\/wp\/v2\/product_tag?post=90327"}],"curies":[{"name":"wp","href":"https:\/\/api.w.org\/{rel}","templated":true}]}}