{"id":90288,"date":"2023-06-23T06:00:04","date_gmt":"2023-06-23T04:00:04","guid":{"rendered":"https:\/\/chmedica.ch\/prodotto\/electrodes-pour-torse-diam-30-mm\/"},"modified":"2024-01-02T20:37:26","modified_gmt":"2024-01-02T19:37:26","slug":"electrodes-pour-torse-diam-30-mm","status":"publish","type":"product","link":"https:\/\/chmedica.ch\/fr\/produit\/electrodes-pour-torse-diam-30-mm\/","title":{"rendered":"\u00c9LECTRODES POUR TORSE diam. 30 mm"},"content":{"rendered":"","protected":false},"excerpt":{"rendered":"<p>\u00c9LECTRODES ECG UNIVERSELLES R\u00c9UTILISABLES<\/p>\n<p>Jeu de 6 \u00e9lectrodes pour torse \u00d8 30 mm &#8211; rev\u00eatement argent<\/p>\n<p>Boules PVC bleues \u00d8 33 mm<br \/>\nTrou de connecteur m\u00e9tallique de 4 mm avec vis et clips<\/p>\n","protected":false},"featured_media":90276,"template":"","meta":{"_acf_changed":false},"product_brand":[],"product_cat":[776,1010],"product_tag":[],"class_list":{"0":"post-90288","1":"product","2":"type-product","3":"status-publish","4":"has-post-thumbnail","6":"product_cat-ecg-moniteur-echographie","7":"product_cat-electrodes-cables-et-accessoires-ecg","9":"first","10":"onbackorder","11":"taxable","12":"shipping-taxable","13":"purchasable","14":"product-type-simple"},"acf":{"fornitore":"GIMA","standard_accessori":"","unita_misura":"conf. 6 pz."},"_links":{"self":[{"href":"https:\/\/chmedica.ch\/fr\/wp-json\/wp\/v2\/product\/90288","targetHints":{"allow":["GET"]}}],"collection":[{"href":"https:\/\/chmedica.ch\/fr\/wp-json\/wp\/v2\/product"}],"about":[{"href":"https:\/\/chmedica.ch\/fr\/wp-json\/wp\/v2\/types\/product"}],"wp:featuredmedia":[{"embeddable":true,"href":"https:\/\/chmedica.ch\/fr\/wp-json\/wp\/v2\/media\/90276"}],"wp:attachment":[{"href":"https:\/\/chmedica.ch\/fr\/wp-json\/wp\/v2\/media?parent=90288"}],"wp:term":[{"taxonomy":"product_brand","embeddable":true,"href":"https:\/\/chmedica.ch\/fr\/wp-json\/wp\/v2\/product_brand?post=90288"},{"taxonomy":"product_cat","embeddable":true,"href":"https:\/\/chmedica.ch\/fr\/wp-json\/wp\/v2\/product_cat?post=90288"},{"taxonomy":"product_tag","embeddable":true,"href":"https:\/\/chmedica.ch\/fr\/wp-json\/wp\/v2\/product_tag?post=90288"}],"curies":[{"name":"wp","href":"https:\/\/api.w.org\/{rel}","templated":true}]}}