{"id":90264,"date":"2023-06-23T05:59:51","date_gmt":"2023-06-23T03:59:51","guid":{"rendered":"https:\/\/chmedica.ch\/prodotto\/electrodes-jetables-en-mousse-de-polyethylene-48-50-mm-ovales-adulte\/"},"modified":"2026-04-03T09:59:59","modified_gmt":"2026-04-03T07:59:59","slug":"electrodes-jetables-en-mousse-de-polyethylene-48-50-mm-ovales-adulte","status":"publish","type":"product","link":"https:\/\/chmedica.ch\/fr\/produit\/electrodes-jetables-en-mousse-de-polyethylene-48-50-mm-ovales-adulte\/","title":{"rendered":"\u00c9LECTRODES JETABLES EN MOUSSE DE POLY\u00c9THYL\u00c8NE 48-50 mm &#8211; ovales &#8211; adulte"},"content":{"rendered":"","protected":false},"excerpt":{"rendered":"<p>\u00c9LECTRODES ECG UNIVERSELLES JETABLES &#8211; sans latex<\/p>\n<p>\u2022 Code FIAB: F9060<br \/>\n\u2022 Mat\u00e9riau: PE &#8211; Mousse<br \/>\n\u2022 Mesure: \u00d8 48 x 50 mm<br \/>\n\u2022 Gel: Solide<br \/>\n\u2022 Forme: Ovale<br \/>\n\u2022 Raccord: Snap<br \/>\n\u2022\u00a0Patient\u00a0: adulte<br \/>\n\u2022 Application : repos, longue dur\u00e9e, stress, holter ECG<br \/>\n\u2022 Commande minimum: Sac de 50 unit\u00e9s<\/p>\n","protected":false},"featured_media":90258,"template":"","meta":{"_acf_changed":false},"product_brand":[],"product_cat":[776,1010],"product_tag":[],"class_list":{"0":"post-90264","1":"product","2":"type-product","3":"status-publish","4":"has-post-thumbnail","6":"product_cat-ecg-moniteur-echographie","7":"product_cat-electrodes-cables-et-accessoires-ecg","9":"first","10":"onbackorder","11":"taxable","12":"shipping-taxable","13":"purchasable","14":"product-type-simple"},"acf":{"fornitore":"GIMA","standard_accessori":"","unita_misura":"conf. 50 pz."},"_links":{"self":[{"href":"https:\/\/chmedica.ch\/fr\/wp-json\/wp\/v2\/product\/90264","targetHints":{"allow":["GET"]}}],"collection":[{"href":"https:\/\/chmedica.ch\/fr\/wp-json\/wp\/v2\/product"}],"about":[{"href":"https:\/\/chmedica.ch\/fr\/wp-json\/wp\/v2\/types\/product"}],"wp:featuredmedia":[{"embeddable":true,"href":"https:\/\/chmedica.ch\/fr\/wp-json\/wp\/v2\/media\/90258"}],"wp:attachment":[{"href":"https:\/\/chmedica.ch\/fr\/wp-json\/wp\/v2\/media?parent=90264"}],"wp:term":[{"taxonomy":"product_brand","embeddable":true,"href":"https:\/\/chmedica.ch\/fr\/wp-json\/wp\/v2\/product_brand?post=90264"},{"taxonomy":"product_cat","embeddable":true,"href":"https:\/\/chmedica.ch\/fr\/wp-json\/wp\/v2\/product_cat?post=90264"},{"taxonomy":"product_tag","embeddable":true,"href":"https:\/\/chmedica.ch\/fr\/wp-json\/wp\/v2\/product_tag?post=90264"}],"curies":[{"name":"wp","href":"https:\/\/api.w.org\/{rel}","templated":true}]}}