{"id":90240,"date":"2023-06-23T05:59:41","date_gmt":"2023-06-23T03:59:41","guid":{"rendered":"https:\/\/chmedica.ch\/prodotto\/electrodes-jetables-en-mousse-ovales-23-30-mm-avec-cable-35-cm-pediatriques\/"},"modified":"2024-01-02T20:37:50","modified_gmt":"2024-01-02T19:37:50","slug":"electrodes-jetables-en-mousse-ovales-23-30-mm-avec-cable-35-cm-pediatriques","status":"publish","type":"product","link":"https:\/\/chmedica.ch\/fr\/produit\/electrodes-jetables-en-mousse-ovales-23-30-mm-avec-cable-35-cm-pediatriques\/","title":{"rendered":"\u00c9LECTRODES JETABLES EN MOUSSE &#8211; ovales 23-30 mm avec c\u00e2ble 35 cm &#8211; p\u00e9diatriques"},"content":{"rendered":"","protected":false},"excerpt":{"rendered":"<p>\u00c9LECTRODES ECG UNIVERSELLES JETABLES &#8211; sans latex<\/p>\n<p>\u2022 Code FIAB: F9053N<br \/>\n\u2022 Mat\u00e9riau: Mousse<br \/>\n\u2022 Mesure: \u00d8 23 x 30 mm<br \/>\n\u2022 Gel: Solide<br \/>\n\u2022 Forme: Ovale<br \/>\n\u2022 Raccord: prise 4 mm<br \/>\n\u2022 Patient\u00a0: p\u00e9diatrique, n\u00e9onatal<br \/>\n\u2022 Application\u00a0: surveillance de l&rsquo;enregistrement ECG<br \/>\n\u2022 Commande minimum: Bo\u00eete de 150 unit\u00e9s (5 sacs de 30)<\/p>\n","protected":false},"featured_media":90234,"template":"","meta":{"_acf_changed":false},"product_brand":[],"product_cat":[776,1010],"product_tag":[],"class_list":{"0":"post-90240","1":"product","2":"type-product","3":"status-publish","4":"has-post-thumbnail","6":"product_cat-ecg-moniteur-echographie","7":"product_cat-electrodes-cables-et-accessoires-ecg","9":"first","10":"onbackorder","11":"taxable","12":"shipping-taxable","13":"purchasable","14":"product-type-simple"},"acf":{"fornitore":"GIMA","standard_accessori":"","unita_misura":"conf. 150 pz."},"_links":{"self":[{"href":"https:\/\/chmedica.ch\/fr\/wp-json\/wp\/v2\/product\/90240","targetHints":{"allow":["GET"]}}],"collection":[{"href":"https:\/\/chmedica.ch\/fr\/wp-json\/wp\/v2\/product"}],"about":[{"href":"https:\/\/chmedica.ch\/fr\/wp-json\/wp\/v2\/types\/product"}],"wp:featuredmedia":[{"embeddable":true,"href":"https:\/\/chmedica.ch\/fr\/wp-json\/wp\/v2\/media\/90234"}],"wp:attachment":[{"href":"https:\/\/chmedica.ch\/fr\/wp-json\/wp\/v2\/media?parent=90240"}],"wp:term":[{"taxonomy":"product_brand","embeddable":true,"href":"https:\/\/chmedica.ch\/fr\/wp-json\/wp\/v2\/product_brand?post=90240"},{"taxonomy":"product_cat","embeddable":true,"href":"https:\/\/chmedica.ch\/fr\/wp-json\/wp\/v2\/product_cat?post=90240"},{"taxonomy":"product_tag","embeddable":true,"href":"https:\/\/chmedica.ch\/fr\/wp-json\/wp\/v2\/product_tag?post=90240"}],"curies":[{"name":"wp","href":"https:\/\/api.w.org\/{rel}","templated":true}]}}