{"id":90204,"date":"2023-06-23T05:59:24","date_gmt":"2023-06-23T03:59:24","guid":{"rendered":"https:\/\/chmedica.ch\/prodotto\/electrodes-jetables-en-mousse-ovales-23-30-mm-avec-cable-50-cm-pediatriques\/"},"modified":"2024-01-02T20:38:16","modified_gmt":"2024-01-02T19:38:16","slug":"electrodes-jetables-en-mousse-ovales-23-30-mm-avec-cable-50-cm-pediatriques","status":"publish","type":"product","link":"https:\/\/chmedica.ch\/fr\/produit\/electrodes-jetables-en-mousse-ovales-23-30-mm-avec-cable-50-cm-pediatriques\/","title":{"rendered":"\u00c9LECTRODES JETABLES EN MOUSSE &#8211; ovales 23-30 mm avec c\u00e2ble 50 cm &#8211; p\u00e9diatriques"},"content":{"rendered":"","protected":false},"excerpt":{"rendered":"<p>\u00c9LECTRODES ECG UNIVERSELLES JETABLES &#8211; sans latex<\/p>\n<p>\u2022 Code FIAB: F9058N<br \/>\n\u2022 Mat\u00e9riau: Mousse<br \/>\n\u2022 Mesure: \u00d8 23 x 30 mm<br \/>\n\u2022 Gel: Solide<br \/>\n\u2022 Forme: Ovale<br \/>\n\u2022 Raccord: prise 1,5 mm<br \/>\n\u2022 Patient\u00a0: p\u00e9diatrique, n\u00e9onatal<br \/>\n\u2022 Application\u00a0: enregistrement ECG de longue dur\u00e9e<br \/>\n\u2022 Commande minimum: Bo\u00eete de 150 unit\u00e9s (5 sacs de 30)<\/p>\n","protected":false},"featured_media":0,"template":"","meta":{"_acf_changed":false},"product_brand":[],"product_cat":[776,1010],"product_tag":[],"class_list":{"0":"post-90204","1":"product","2":"type-product","3":"status-publish","5":"product_cat-ecg-moniteur-echographie","6":"product_cat-electrodes-cables-et-accessoires-ecg","8":"first","9":"onbackorder","10":"taxable","11":"shipping-taxable","12":"purchasable","13":"product-type-simple"},"acf":{"fornitore":"GIMA","standard_accessori":"","unita_misura":"conf. 150 pz."},"_links":{"self":[{"href":"https:\/\/chmedica.ch\/fr\/wp-json\/wp\/v2\/product\/90204","targetHints":{"allow":["GET"]}}],"collection":[{"href":"https:\/\/chmedica.ch\/fr\/wp-json\/wp\/v2\/product"}],"about":[{"href":"https:\/\/chmedica.ch\/fr\/wp-json\/wp\/v2\/types\/product"}],"wp:attachment":[{"href":"https:\/\/chmedica.ch\/fr\/wp-json\/wp\/v2\/media?parent=90204"}],"wp:term":[{"taxonomy":"product_brand","embeddable":true,"href":"https:\/\/chmedica.ch\/fr\/wp-json\/wp\/v2\/product_brand?post=90204"},{"taxonomy":"product_cat","embeddable":true,"href":"https:\/\/chmedica.ch\/fr\/wp-json\/wp\/v2\/product_cat?post=90204"},{"taxonomy":"product_tag","embeddable":true,"href":"https:\/\/chmedica.ch\/fr\/wp-json\/wp\/v2\/product_tag?post=90204"}],"curies":[{"name":"wp","href":"https:\/\/api.w.org\/{rel}","templated":true}]}}