{"id":87816,"date":"2023-06-23T05:40:36","date_gmt":"2023-06-23T03:40:36","guid":{"rendered":"https:\/\/chmedica.ch\/prodotto\/trousse-de-premiers-soins-speed-1-vide-avec-eponge\/"},"modified":"2024-01-02T21:29:26","modified_gmt":"2024-01-02T20:29:26","slug":"trousse-de-premiers-soins-speed-1-vide-avec-eponge","status":"publish","type":"product","link":"https:\/\/chmedica.ch\/fr\/produit\/trousse-de-premiers-soins-speed-1-vide-avec-eponge\/","title":{"rendered":"TROUSSE DE PREMIERS SOINS SPEED-1 vide, avec \u00e9ponge"},"content":{"rendered":"","protected":false},"excerpt":{"rendered":"<p>Trousse de premiers soins pour la r\u00e9animation, tr\u00e8s pratique dans les cabinets m\u00e9dicaux et dentaires, clubs de sport, usines, ambulances. Mallette en plastique antichoc.<\/p>\n","protected":false},"featured_media":87798,"template":"","meta":{"_acf_changed":false},"product_brand":[],"product_cat":[1220,860],"product_tag":[],"class_list":{"0":"post-87816","1":"product","2":"type-product","3":"status-publish","4":"has-post-thumbnail","6":"product_cat-kits-durgence-sacs-a-dos-sacs-caisses","7":"product_cat-urgence-et-pansement","9":"first","10":"onbackorder","11":"taxable","12":"shipping-taxable","13":"purchasable","14":"product-type-simple"},"acf":{"fornitore":"GIMA","standard_accessori":"","unita_misura":"1 pz."},"_links":{"self":[{"href":"https:\/\/chmedica.ch\/fr\/wp-json\/wp\/v2\/product\/87816","targetHints":{"allow":["GET"]}}],"collection":[{"href":"https:\/\/chmedica.ch\/fr\/wp-json\/wp\/v2\/product"}],"about":[{"href":"https:\/\/chmedica.ch\/fr\/wp-json\/wp\/v2\/types\/product"}],"wp:featuredmedia":[{"embeddable":true,"href":"https:\/\/chmedica.ch\/fr\/wp-json\/wp\/v2\/media\/87798"}],"wp:attachment":[{"href":"https:\/\/chmedica.ch\/fr\/wp-json\/wp\/v2\/media?parent=87816"}],"wp:term":[{"taxonomy":"product_brand","embeddable":true,"href":"https:\/\/chmedica.ch\/fr\/wp-json\/wp\/v2\/product_brand?post=87816"},{"taxonomy":"product_cat","embeddable":true,"href":"https:\/\/chmedica.ch\/fr\/wp-json\/wp\/v2\/product_cat?post=87816"},{"taxonomy":"product_tag","embeddable":true,"href":"https:\/\/chmedica.ch\/fr\/wp-json\/wp\/v2\/product_tag?post=87816"}],"curies":[{"name":"wp","href":"https:\/\/api.w.org\/{rel}","templated":true}]}}