{"id":86556,"date":"2023-06-23T05:31:45","date_gmt":"2023-06-23T03:31:45","guid":{"rendered":"https:\/\/chmedica.ch\/prodotto\/mannequin-ambu-man-basic\/"},"modified":"2024-01-02T21:18:31","modified_gmt":"2024-01-02T20:18:31","slug":"mannequin-ambu-man-basic","status":"publish","type":"product","link":"https:\/\/chmedica.ch\/fr\/produit\/mannequin-ambu-man-basic\/","title":{"rendered":"MANNEQUIN AMBU MAN BASIC"},"content":{"rendered":"<p>Ventilation bouche \u00e0 bouche: OUI<br \/>\nVentilation bouche \u00e0 nez: OUI<br \/>\nVentilation par insufflateur manuel: OUI<br \/>\nUtilisation de canules de Guedel: NO<br \/>\nGestion voies a\u00e9riennes: sonde ET, tube\/masque laryng\u00e9, autres dispositifs supraglottiques: NO<br \/>\nManoeuvre de pouss\u00e9e de m\u00e2choire: OUI<br \/>\nInsufflation gastrique: NO<br \/>\nSyst\u00e8me hygi\u00e9nique Ambu: OUI<br \/>\nSac insufflation (syst. hygi\u00e9nique Ambu): 25<br \/>\nPeau de visage (syst. hygi\u00e9nique Ambu): OUI<br \/>\nCompression thoracique: OUI<br \/>\nMax profondeur de compression: 7,5 cm<br \/>\nMax insufflation: 1,2 litres<br \/>\nAffichage de la position des mains: OUI<br \/>\nRigidit\u00e9 thoracique infiniment r\u00e9glable: NO<br \/>\nPouls: NO<br \/>\nPositionnement \u00e9lectrodes d\u00e9fibrillation: OUI<br \/>\nD\u00e9fibrillation: NO<br \/>\nAcc\u00e8s intraveineux (n\u00e9c. IV trainer 34041): NO<br \/>\nLogiciel RCP Wireless: NO<br \/>\n\u00c9cran ECG: NO<br \/>\nSac pour le transport: OUI<br \/>\nPoids: 6,0 Kg<\/p>\n","protected":false},"excerpt":{"rendered":"<p>Mannequin d\u2019enseignement \u00e9conomique et fiable qui r\u00e9pond aux exigences des algorithmes de BLS.<\/p>\n<p>Le torse ferm\u00e9 avec des rep\u00e8res anatomiques corrects permet aux \u00e9tudiants d\u2019apprendre et de s\u2019entra\u00eener \u00e0 l\u2019utilisation d\u2019un d\u00e9fibrillateur automatique externe (DAE) ainsi qu\u2019au placement des patchs. Permet un enseignement optimal des compressions thoraciques en combinaison avec une ventilation r\u00e9aliste et l&rsquo;expiration \u00e0 travers la bouche et le nez.<\/p>\n<p>Le syst\u00e8me hygi\u00e9nique unique pr\u00e9vient toute contamination crois\u00e9e. La profondeur de compression correcte et le volume de ventilation n\u00e9cessaire peuvent \u00eatre monitor\u00e9s \u00e0 travers l&rsquo;indicateur.<\/p>\n<p>Ventilation comme dans la vie r\u00e9elle: les \u00e9tudiants sentiront la r\u00e9sistance r\u00e9aliste des voies a\u00e9riennes et la poitrine se soul\u00e8vera lorsque la t\u00eate sera correctement bascul\u00e9e et l\u2019air insuffl\u00e9 dans le mannequin.<\/p>\n<p>Dimensions: 70 x 37 cm.<\/p>\n","protected":false},"featured_media":86532,"template":"","meta":{"_acf_changed":false},"product_brand":[],"product_cat":[816,1388],"product_tag":[],"class_list":{"0":"post-86556","1":"product","2":"type-product","3":"status-publish","4":"has-post-thumbnail","6":"product_cat-enseignement","7":"product_cat-mannequins-dentrainement","9":"first","10":"onbackorder","11":"taxable","12":"shipping-taxable","13":"purchasable","14":"product-type-simple"},"acf":{"fornitore":"GIMA","standard_accessori":"","unita_misura":"1 pz."},"_links":{"self":[{"href":"https:\/\/chmedica.ch\/fr\/wp-json\/wp\/v2\/product\/86556","targetHints":{"allow":["GET"]}}],"collection":[{"href":"https:\/\/chmedica.ch\/fr\/wp-json\/wp\/v2\/product"}],"about":[{"href":"https:\/\/chmedica.ch\/fr\/wp-json\/wp\/v2\/types\/product"}],"wp:featuredmedia":[{"embeddable":true,"href":"https:\/\/chmedica.ch\/fr\/wp-json\/wp\/v2\/media\/86532"}],"wp:attachment":[{"href":"https:\/\/chmedica.ch\/fr\/wp-json\/wp\/v2\/media?parent=86556"}],"wp:term":[{"taxonomy":"product_brand","embeddable":true,"href":"https:\/\/chmedica.ch\/fr\/wp-json\/wp\/v2\/product_brand?post=86556"},{"taxonomy":"product_cat","embeddable":true,"href":"https:\/\/chmedica.ch\/fr\/wp-json\/wp\/v2\/product_cat?post=86556"},{"taxonomy":"product_tag","embeddable":true,"href":"https:\/\/chmedica.ch\/fr\/wp-json\/wp\/v2\/product_tag?post=86556"}],"curies":[{"name":"wp","href":"https:\/\/api.w.org\/{rel}","templated":true}]}}