{"id":86529,"date":"2023-06-23T05:31:26","date_gmt":"2023-06-23T03:31:26","guid":{"rendered":"https:\/\/chmedica.ch\/prodotto\/mannequin-ambu-man-airway-wireless\/"},"modified":"2024-01-02T21:18:38","modified_gmt":"2024-01-02T20:18:38","slug":"mannequin-ambu-man-airway-wireless","status":"publish","type":"product","link":"https:\/\/chmedica.ch\/fr\/produit\/mannequin-ambu-man-airway-wireless\/","title":{"rendered":"MANNEQUIN AMBU MAN AIRWAY WIRELESS"},"content":{"rendered":"<p>Ventilation bouche \u00e0 bouche: NO<br \/>\nVentilation bouche \u00e0 nez: NO<br \/>\nVentilation par insufflateur manuel: OUI<br \/>\nUtilisation de canules de Guedel: OUI<br \/>\nGestion voies a\u00e9riennes: sonde ET, tube\/masque laryng\u00e9, autres dispositifs supraglottiques: OUI<br \/>\nManoeuvre de pouss\u00e9e de m\u00e2choire: OUI<br \/>\nInsufflation gastrique: OUI<br \/>\nSyst\u00e8me hygi\u00e9nique Ambu: NO<br \/>\nCompression thoracique: OUI<br \/>\nMax profondeur de compression: 7 cm<br \/>\nMax insufflation: 1,2 litres<br \/>\nAffichage de la position des mains: OUI<br \/>\nRigidit\u00e9 thoracique infiniment r\u00e9glable: OUI<br \/>\nPouls: manuel<br \/>\nPositionnement \u00e9lectrodes d\u00e9fibrillation: OUI<br \/>\nD\u00e9fibrillation: NO<br \/>\nAcc\u00e8s intraveineux (n\u00e9c. IV trainer 34041): optionnel<br \/>\nLogiciel RCP Wireless: OUI<br \/>\n\u00c9cran ECG: NO<br \/>\nSac pour le transport: OUI<br \/>\nPoids: 13 Kg<\/p>\n","protected":false},"excerpt":{"rendered":"<p>Mannequin de formation de taille adulte qui fournissent une excellente repr\u00e9sentation de l&rsquo;anatomie humaine.<br \/>\nUn instrument m\u00e9canique fournit un retour imm\u00e9diat sur le volume de ventilation, l&rsquo;insufflation de l&rsquo;estomac, la profondeur de compression du tronc en mm et la mauvaise  position des mains.<\/p>\n<p>Connexion PC du Kit logiciel RCP Ambu, de l&rsquo;imprimante RCP Ambu ou Interface USB.<\/p>\n<p>Possibilit\u00e9 d&rsquo;intubation avec tube ET, canule Guedel, masque laryng\u00e9 et combi-tube.<\/p>\n<p>Le mannequin Ambu Airway man inclut un tronc dot\u00e9 d&rsquo;attaches pour les bras, une veste de surv\u00eatement, un tapis d&rsquo;entra\u00eenement et sac de transport.<\/p>\n<p>Dimensions: 80 x 35 cm<br \/>\nPoids: 13 kg<\/p>\n","protected":false},"featured_media":86499,"template":"","meta":{"_acf_changed":false},"product_brand":[],"product_cat":[816,1388],"product_tag":[],"class_list":{"0":"post-86529","1":"product","2":"type-product","3":"status-publish","4":"has-post-thumbnail","6":"product_cat-enseignement","7":"product_cat-mannequins-dentrainement","9":"first","10":"onbackorder","11":"taxable","12":"shipping-taxable","13":"purchasable","14":"product-type-simple"},"acf":{"fornitore":"GIMA","standard_accessori":"","unita_misura":"1 pz."},"_links":{"self":[{"href":"https:\/\/chmedica.ch\/fr\/wp-json\/wp\/v2\/product\/86529","targetHints":{"allow":["GET"]}}],"collection":[{"href":"https:\/\/chmedica.ch\/fr\/wp-json\/wp\/v2\/product"}],"about":[{"href":"https:\/\/chmedica.ch\/fr\/wp-json\/wp\/v2\/types\/product"}],"wp:featuredmedia":[{"embeddable":true,"href":"https:\/\/chmedica.ch\/fr\/wp-json\/wp\/v2\/media\/86499"}],"wp:attachment":[{"href":"https:\/\/chmedica.ch\/fr\/wp-json\/wp\/v2\/media?parent=86529"}],"wp:term":[{"taxonomy":"product_brand","embeddable":true,"href":"https:\/\/chmedica.ch\/fr\/wp-json\/wp\/v2\/product_brand?post=86529"},{"taxonomy":"product_cat","embeddable":true,"href":"https:\/\/chmedica.ch\/fr\/wp-json\/wp\/v2\/product_cat?post=86529"},{"taxonomy":"product_tag","embeddable":true,"href":"https:\/\/chmedica.ch\/fr\/wp-json\/wp\/v2\/product_tag?post=86529"}],"curies":[{"name":"wp","href":"https:\/\/api.w.org\/{rel}","templated":true}]}}