{"id":85764,"date":"2023-06-23T05:20:09","date_gmt":"2023-06-23T03:20:09","guid":{"rendered":"https:\/\/chmedica.ch\/prodotto\/armoire-metallique-vide\/"},"modified":"2024-01-02T21:26:05","modified_gmt":"2024-01-02T20:26:05","slug":"armoire-metallique-vide","status":"publish","type":"product","link":"https:\/\/chmedica.ch\/fr\/produit\/armoire-metallique-vide\/","title":{"rendered":"ARMOIRE M\u00c9TALLIQUE &#8211; vide"},"content":{"rendered":"<p>0<\/p>\n","protected":false},"excerpt":{"rendered":"<p>Armoire m\u00e9tallique, vide<\/p>\n<p>Fournie avec 3 \u00e9tag\u00e8res m\u00e9talliques internes, porte-bouteille amovible inf\u00e9rieur, 2 petites \u00e9tag\u00e8res sur la porte, verrou et cl\u00e9.<\/p>\n<p>Dimensions: 402 x 582 x 202 mm<br \/>\nPoids: 12,9 kg<\/p>\n","protected":false},"featured_media":85752,"template":"","meta":{"_acf_changed":false},"product_brand":[],"product_cat":[1224,860],"product_tag":[],"class_list":{"0":"post-85764","1":"product","2":"type-product","3":"status-publish","4":"has-post-thumbnail","6":"product_cat-sacs-boites-et-armoires-de-secours","7":"product_cat-urgence-et-pansement","9":"first","10":"onbackorder","11":"taxable","12":"shipping-taxable","13":"purchasable","14":"product-type-simple"},"acf":{"fornitore":"GIMA","standard_accessori":"","unita_misura":"1 pz."},"_links":{"self":[{"href":"https:\/\/chmedica.ch\/fr\/wp-json\/wp\/v2\/product\/85764","targetHints":{"allow":["GET"]}}],"collection":[{"href":"https:\/\/chmedica.ch\/fr\/wp-json\/wp\/v2\/product"}],"about":[{"href":"https:\/\/chmedica.ch\/fr\/wp-json\/wp\/v2\/types\/product"}],"wp:featuredmedia":[{"embeddable":true,"href":"https:\/\/chmedica.ch\/fr\/wp-json\/wp\/v2\/media\/85752"}],"wp:attachment":[{"href":"https:\/\/chmedica.ch\/fr\/wp-json\/wp\/v2\/media?parent=85764"}],"wp:term":[{"taxonomy":"product_brand","embeddable":true,"href":"https:\/\/chmedica.ch\/fr\/wp-json\/wp\/v2\/product_brand?post=85764"},{"taxonomy":"product_cat","embeddable":true,"href":"https:\/\/chmedica.ch\/fr\/wp-json\/wp\/v2\/product_cat?post=85764"},{"taxonomy":"product_tag","embeddable":true,"href":"https:\/\/chmedica.ch\/fr\/wp-json\/wp\/v2\/product_tag?post=85764"}],"curies":[{"name":"wp","href":"https:\/\/api.w.org\/{rel}","templated":true}]}}