{"id":84294,"date":"2023-06-23T05:02:21","date_gmt":"2023-06-23T03:02:21","guid":{"rendered":"https:\/\/chmedica.ch\/prodotto\/oxymetre-de-pouls-pour-poignet-avec-logiciel\/"},"modified":"2024-01-02T21:41:49","modified_gmt":"2024-01-02T20:41:49","slug":"oxymetre-de-pouls-pour-poignet-avec-logiciel","status":"publish","type":"product","link":"https:\/\/chmedica.ch\/fr\/produit\/oxymetre-de-pouls-pour-poignet-avec-logiciel\/","title":{"rendered":"OXYM\u00c8TRE DE POULS POUR POIGNET avec logiciel"},"content":{"rendered":"","protected":false},"excerpt":{"rendered":"<p>Oxym\u00e8tre compact et l\u00e9ger, pour utilisation \u00e0 domicile ou hospitali\u00e8re, permettant des mesures au niveau du poignet confortables et \u00e0 long terme.<br \/>\nLe patient peut le porter comme une simple montre et la mesure d\u00e9marre; il peut \u00eatre utilis\u00e9 dans un cadre sportif pour la d\u00e9termination de la SpO2 et de la fr\u00e9quence cardiaque (FC).<\/p>\n<p>&#8211; alarme sonore et visuelle, valeurs limites r\u00e9glables<br \/>\n&#8211; fonction de passage en revue des tendances de la SpO2 et la FC<br \/>\n&#8211; modes de stockage: 1 groupe\/1 s, 1 groupe\/4 s et 1 groupe\/8 s<br \/>\n&#8211; jusqu\u2019\u00e0 500 heures de stockage des donn\u00e9es de SpO2 et FC en mode par d\u00e9faut (1 groupe\/8 s)<br \/>\n&#8211; r\u00e9glage de la montre et fonction d\u2019affichage de la date<br \/>\n&#8211; logiciel pour t\u00e9l\u00e9chargement et stockage des mesures sur PC inclus<br \/>\n&#8211; capteur au doigt amovible; non adapt\u00e9 pour usage p\u00e9diatrique<\/p>\n","protected":false},"featured_media":84288,"template":"","meta":{"_acf_changed":false},"product_brand":[],"product_cat":[1258,860],"product_tag":[],"class_list":{"0":"post-84294","1":"product","2":"type-product","3":"status-publish","4":"has-post-thumbnail","6":"product_cat-oxymetres-de-doigts","7":"product_cat-urgence-et-pansement","9":"first","10":"onbackorder","11":"taxable","12":"shipping-taxable","13":"purchasable","14":"product-type-simple"},"acf":{"fornitore":"GIMA","standard_accessori":"","unita_misura":"1 pz."},"_links":{"self":[{"href":"https:\/\/chmedica.ch\/fr\/wp-json\/wp\/v2\/product\/84294","targetHints":{"allow":["GET"]}}],"collection":[{"href":"https:\/\/chmedica.ch\/fr\/wp-json\/wp\/v2\/product"}],"about":[{"href":"https:\/\/chmedica.ch\/fr\/wp-json\/wp\/v2\/types\/product"}],"wp:featuredmedia":[{"embeddable":true,"href":"https:\/\/chmedica.ch\/fr\/wp-json\/wp\/v2\/media\/84288"}],"wp:attachment":[{"href":"https:\/\/chmedica.ch\/fr\/wp-json\/wp\/v2\/media?parent=84294"}],"wp:term":[{"taxonomy":"product_brand","embeddable":true,"href":"https:\/\/chmedica.ch\/fr\/wp-json\/wp\/v2\/product_brand?post=84294"},{"taxonomy":"product_cat","embeddable":true,"href":"https:\/\/chmedica.ch\/fr\/wp-json\/wp\/v2\/product_cat?post=84294"},{"taxonomy":"product_tag","embeddable":true,"href":"https:\/\/chmedica.ch\/fr\/wp-json\/wp\/v2\/product_tag?post=84294"}],"curies":[{"name":"wp","href":"https:\/\/api.w.org\/{rel}","templated":true}]}}