{"id":84177,"date":"2023-06-23T05:01:37","date_gmt":"2023-06-23T03:01:37","guid":{"rendered":"https:\/\/chmedica.ch\/prodotto\/capteur-spo2-neonatal-pour-34341-jusquau-n-de-serie-xcu052qf005021-34342\/"},"modified":"2024-01-02T21:42:47","modified_gmt":"2024-01-02T20:42:47","slug":"capteur-spo2-neonatal-pour-34341-jusquau-n-de-serie-xcu052qf005021-34342","status":"publish","type":"product","link":"https:\/\/chmedica.ch\/fr\/produit\/capteur-spo2-neonatal-pour-34341-jusquau-n-de-serie-xcu052qf005021-34342\/","title":{"rendered":"CAPTEUR SPO2 N\u00c9ONATAL pour 34341 jusqu&rsquo;au N\u00b0 de s\u00e9rie XCU052QF005021, 34342"},"content":{"rendered":"","protected":false},"excerpt":{"rendered":"<p>Capteur SpO2 y n\u00e9onatal &#8211; r\u00e9utilisable<\/p>\n","protected":false},"featured_media":0,"template":"","meta":{"_acf_changed":false},"product_brand":[],"product_cat":[852,1314],"product_tag":[],"class_list":{"0":"post-84177","1":"product","2":"type-product","3":"status-publish","5":"product_cat-oxymetres-de-pouls-et-capnographes","6":"product_cat-pieces-de-rechange-et-accessoires-pour-oxymetre-de-pouls","8":"first","9":"onbackorder","10":"taxable","11":"shipping-taxable","12":"purchasable","13":"product-type-simple"},"acf":{"fornitore":"GIMA","standard_accessori":"","unita_misura":"1 pz."},"_links":{"self":[{"href":"https:\/\/chmedica.ch\/fr\/wp-json\/wp\/v2\/product\/84177","targetHints":{"allow":["GET"]}}],"collection":[{"href":"https:\/\/chmedica.ch\/fr\/wp-json\/wp\/v2\/product"}],"about":[{"href":"https:\/\/chmedica.ch\/fr\/wp-json\/wp\/v2\/types\/product"}],"wp:attachment":[{"href":"https:\/\/chmedica.ch\/fr\/wp-json\/wp\/v2\/media?parent=84177"}],"wp:term":[{"taxonomy":"product_brand","embeddable":true,"href":"https:\/\/chmedica.ch\/fr\/wp-json\/wp\/v2\/product_brand?post=84177"},{"taxonomy":"product_cat","embeddable":true,"href":"https:\/\/chmedica.ch\/fr\/wp-json\/wp\/v2\/product_cat?post=84177"},{"taxonomy":"product_tag","embeddable":true,"href":"https:\/\/chmedica.ch\/fr\/wp-json\/wp\/v2\/product_tag?post=84177"}],"curies":[{"name":"wp","href":"https:\/\/api.w.org\/{rel}","templated":true}]}}