{"id":81462,"date":"2023-06-23T04:15:40","date_gmt":"2023-06-23T02:15:40","guid":{"rendered":"https:\/\/chmedica.ch\/prodotto\/bandes-de-kinesiologie-5-m-x-5-cm-coleurs-mixtes\/"},"modified":"2026-02-17T15:06:34","modified_gmt":"2026-02-17T14:06:34","slug":"bandes-de-kinesiologie-5-m-x-5-cm-coleurs-mixtes","status":"publish","type":"product","link":"https:\/\/chmedica.ch\/fr\/produit\/bandes-de-kinesiologie-5-m-x-5-cm-coleurs-mixtes\/","title":{"rendered":"BANDES DE KINESIOLOGIE 5 m x 5 cm &#8211; coleurs mixtes"},"content":{"rendered":"","protected":false},"excerpt":{"rendered":"<p>TAPING KIN\u00c9SIOLOGIQUE &#8211; \u00e9paisseur 0,48 mm<\/p>\n<p>\u2022 Dimensions: 5 m x 5 cm<br \/>\n\u2022 Couleur: couleurs mixte (bleu clair, rouge, rose, vert, noir, peau)<\/p>\n<p>Haute qualit\u00e9 et adapt\u00e9 \u00e0 toutes les parties du corps. Soutien et compression forte; optimal pour le traitement des sympt\u00f4mes musculaires, pour stimuler la circulation et en cas de d\u00e9viation des faisceaux de nerfs et de la lymphe. R\u00e9duit la douleur et am\u00e9liore les performances des athl\u00e8tes. Facile \u00e0 d\u00e9chirer et tr\u00e8s souple.<\/p>\n<p>Emball\u00e9 individuellement dans un sachet en plastique et une bo\u00eete en carton.<br \/>\n&#8211; coton souple et flexible, \u00e9lasticit\u00e9 jusqu&rsquo;\u00e0 160%<br \/>\n&#8211; r\u00e9sistant \u00e0 l&rsquo;eau (niveau 3) et \u00e0 la sueur \u00e0 70%<br \/>\n&#8211; ultra-adh\u00e9sif: jusqu&rsquo;\u00e0 7 jours<\/p>\n<p>Bo\u00eete et notice multilingue (GB, FR, IT, ES)<br \/>\nMat\u00e9riau: 97% coton, 3% \u00e9lasthane<\/p>\n","protected":false},"featured_media":81444,"template":"","meta":{"_acf_changed":false},"product_brand":[],"product_cat":[1576,914],"product_tag":[],"class_list":{"0":"post-81462","1":"product","2":"type-product","3":"status-publish","4":"has-post-thumbnail","6":"product_cat-bandages-fr","7":"product_cat-pansement-gaze-patchs","9":"first","10":"onbackorder","11":"taxable","12":"shipping-taxable","13":"purchasable","14":"product-type-simple"},"acf":{"fornitore":"GIMA","standard_accessori":"","unita_misura":"conf. 6 pz."},"_links":{"self":[{"href":"https:\/\/chmedica.ch\/fr\/wp-json\/wp\/v2\/product\/81462","targetHints":{"allow":["GET"]}}],"collection":[{"href":"https:\/\/chmedica.ch\/fr\/wp-json\/wp\/v2\/product"}],"about":[{"href":"https:\/\/chmedica.ch\/fr\/wp-json\/wp\/v2\/types\/product"}],"wp:featuredmedia":[{"embeddable":true,"href":"https:\/\/chmedica.ch\/fr\/wp-json\/wp\/v2\/media\/81444"}],"wp:attachment":[{"href":"https:\/\/chmedica.ch\/fr\/wp-json\/wp\/v2\/media?parent=81462"}],"wp:term":[{"taxonomy":"product_brand","embeddable":true,"href":"https:\/\/chmedica.ch\/fr\/wp-json\/wp\/v2\/product_brand?post=81462"},{"taxonomy":"product_cat","embeddable":true,"href":"https:\/\/chmedica.ch\/fr\/wp-json\/wp\/v2\/product_cat?post=81462"},{"taxonomy":"product_tag","embeddable":true,"href":"https:\/\/chmedica.ch\/fr\/wp-json\/wp\/v2\/product_tag?post=81462"}],"curies":[{"name":"wp","href":"https:\/\/api.w.org\/{rel}","templated":true}]}}