{"id":80997,"date":"2023-06-23T04:09:54","date_gmt":"2023-06-23T02:09:54","guid":{"rendered":"https:\/\/chmedica.ch\/prodotto\/distributeur-de-sparadraps-avec-deux-recharges\/"},"modified":"2024-01-02T22:20:43","modified_gmt":"2024-01-02T21:20:43","slug":"distributeur-de-sparadraps-avec-deux-recharges","status":"publish","type":"product","link":"https:\/\/chmedica.ch\/fr\/produit\/distributeur-de-sparadraps-avec-deux-recharges\/","title":{"rendered":"DISTRIBUTEUR DE SPARADRAPS avec deux recharges"},"content":{"rendered":"<p>Dimensions: 230 x 120 x 38 mm<\/p>\n","protected":false},"excerpt":{"rendered":"<p>DISTRIBUTEUR DE PANSEMENTS<\/p>\n<p>Livr\u00e9 avec deux recharges (une de chaque type):<br \/>\n\u2022 Code 34827 RECHARGE DE 42 PANSEMENTS EN TISSU 19 x 72 mm<br \/>\n\u2022 Code 34828 RECHARGE DE 36 PANSEMENTS EN TISSU 25 x 72 mm<\/p>\n<p>Distributeur pour pansements adh\u00e9sifs pr\u00eat \u00e0 l&#8217;emploi. Il permet \u00e0 l&rsquo;utilisateur de retirer le pansement d&rsquo;une main et de l&rsquo;appliquer directement sur la plaie. Couvercle de protection en plastique transparent qui permet de voir la quantit\u00e9 restante.<br \/>\nVerrouillable avec kit de fixation murale inclus.<\/p>\n","protected":false},"featured_media":80991,"template":"","meta":{"_acf_changed":false},"product_brand":[],"product_cat":[914,1568],"product_tag":[],"class_list":{"0":"post-80997","1":"product","2":"type-product","3":"status-publish","4":"has-post-thumbnail","6":"product_cat-pansement-gaze-patchs","7":"product_cat-pansements-et-sparadraps","9":"first","10":"onbackorder","11":"taxable","12":"shipping-taxable","13":"purchasable","14":"product-type-simple"},"acf":{"fornitore":"GIMA","standard_accessori":"","unita_misura":"1 pz."},"_links":{"self":[{"href":"https:\/\/chmedica.ch\/fr\/wp-json\/wp\/v2\/product\/80997","targetHints":{"allow":["GET"]}}],"collection":[{"href":"https:\/\/chmedica.ch\/fr\/wp-json\/wp\/v2\/product"}],"about":[{"href":"https:\/\/chmedica.ch\/fr\/wp-json\/wp\/v2\/types\/product"}],"wp:featuredmedia":[{"embeddable":true,"href":"https:\/\/chmedica.ch\/fr\/wp-json\/wp\/v2\/media\/80991"}],"wp:attachment":[{"href":"https:\/\/chmedica.ch\/fr\/wp-json\/wp\/v2\/media?parent=80997"}],"wp:term":[{"taxonomy":"product_brand","embeddable":true,"href":"https:\/\/chmedica.ch\/fr\/wp-json\/wp\/v2\/product_brand?post=80997"},{"taxonomy":"product_cat","embeddable":true,"href":"https:\/\/chmedica.ch\/fr\/wp-json\/wp\/v2\/product_cat?post=80997"},{"taxonomy":"product_tag","embeddable":true,"href":"https:\/\/chmedica.ch\/fr\/wp-json\/wp\/v2\/product_tag?post=80997"}],"curies":[{"name":"wp","href":"https:\/\/api.w.org\/{rel}","templated":true}]}}