{"id":80151,"date":"2023-06-23T04:01:43","date_gmt":"2023-06-23T02:01:43","guid":{"rendered":"https:\/\/chmedica.ch\/prodotto\/oxymetre-de-pouls-oxy-4-orange\/"},"modified":"2024-01-02T22:40:51","modified_gmt":"2024-01-02T21:40:51","slug":"oxymetre-de-pouls-oxy-4-orange","status":"publish","type":"product","link":"https:\/\/chmedica.ch\/fr\/produit\/oxymetre-de-pouls-oxy-4-orange\/","title":{"rendered":"OXYM\u00c8TRE DE POULS OXY-4 &#8211; orange"},"content":{"rendered":"<p>\u2022 Dimensions: 66 x 36 x 33 mm<\/p>\n","protected":false},"excerpt":{"rendered":"<p>Permet de mesurer la saturation, le pouls et la perfusion \u00e0 partir du doigt du patient.<br \/>\n&#8211; l\u00e9ger, compact et facile \u00e0 utiliser<br \/>\n&#8211; mesure pr\u00e9cise de la SpO2 et du pouls<br \/>\n&#8211; affichage couleurs de la SpO2, PR, PI, pl\u00e9thysmogramme et histogramme du pouls<br \/>\n&#8211; plage de mesure SpO2 35-99%, pouls 30-240 bpm<br \/>\n&#8211; \u00e9cran orientable en 4 directions<br \/>\n&#8211; allumage et extinction automatique<br \/>\n&#8211; &gt;30 h de fonctionnement continu avec 2 piles alcalines AAA<br \/>\n&#8211; alarmes visuelle et sonore<br \/>\n&#8211; indication du niveau de charge de la batterie<br \/>\n&#8211; r\u00e9sistant \u00e0 l&rsquo;entr\u00e9e de liquides<br \/>\n&#8211; manuel en 8 langues: GB, FR, IT, DE, ES, PT, GR, PL.<\/p>\n","protected":false},"featured_media":80133,"template":"","meta":{"_acf_changed":false},"product_brand":[],"product_cat":[1258,860],"product_tag":[],"class_list":{"0":"post-80151","1":"product","2":"type-product","3":"status-publish","4":"has-post-thumbnail","6":"product_cat-oxymetres-de-doigts","7":"product_cat-urgence-et-pansement","9":"first","10":"onbackorder","11":"taxable","12":"shipping-taxable","13":"purchasable","14":"product-type-simple"},"acf":{"fornitore":"GIMA","standard_accessori":"","unita_misura":"1 pz."},"_links":{"self":[{"href":"https:\/\/chmedica.ch\/fr\/wp-json\/wp\/v2\/product\/80151","targetHints":{"allow":["GET"]}}],"collection":[{"href":"https:\/\/chmedica.ch\/fr\/wp-json\/wp\/v2\/product"}],"about":[{"href":"https:\/\/chmedica.ch\/fr\/wp-json\/wp\/v2\/types\/product"}],"wp:featuredmedia":[{"embeddable":true,"href":"https:\/\/chmedica.ch\/fr\/wp-json\/wp\/v2\/media\/80133"}],"wp:attachment":[{"href":"https:\/\/chmedica.ch\/fr\/wp-json\/wp\/v2\/media?parent=80151"}],"wp:term":[{"taxonomy":"product_brand","embeddable":true,"href":"https:\/\/chmedica.ch\/fr\/wp-json\/wp\/v2\/product_brand?post=80151"},{"taxonomy":"product_cat","embeddable":true,"href":"https:\/\/chmedica.ch\/fr\/wp-json\/wp\/v2\/product_cat?post=80151"},{"taxonomy":"product_tag","embeddable":true,"href":"https:\/\/chmedica.ch\/fr\/wp-json\/wp\/v2\/product_tag?post=80151"}],"curies":[{"name":"wp","href":"https:\/\/api.w.org\/{rel}","templated":true}]}}