{"id":79734,"date":"2023-06-23T03:54:33","date_gmt":"2023-06-23T01:54:33","guid":{"rendered":"https:\/\/chmedica.ch\/prodotto\/thermometre-pour-tous-les-modeles-gimette\/"},"modified":"2024-01-02T23:12:28","modified_gmt":"2024-01-02T22:12:28","slug":"thermometre-pour-tous-les-modeles-gimette","status":"publish","type":"product","link":"https:\/\/chmedica.ch\/fr\/produit\/thermometre-pour-tous-les-modeles-gimette\/","title":{"rendered":"THERMOM\u00c8TRE POUR TOUS LES MOD\u00c8LES GIMETTE"},"content":{"rendered":"","protected":false},"excerpt":{"rendered":"<p>Thermom\u00e8tre pour Gimette.<\/p>\n","protected":false},"featured_media":79728,"template":"","meta":{"_acf_changed":false},"product_brand":[],"product_cat":[892,1642],"product_tag":[],"class_list":{"0":"post-79734","1":"product","2":"type-product","3":"status-publish","4":"has-post-thumbnail","6":"product_cat-sterilisation-fr","7":"product_cat-sterilisation-a-sec","9":"first","10":"onbackorder","11":"taxable","12":"shipping-taxable","13":"purchasable","14":"product-type-simple"},"acf":{"fornitore":"GIMA","standard_accessori":"","unita_misura":"1 pz."},"_links":{"self":[{"href":"https:\/\/chmedica.ch\/fr\/wp-json\/wp\/v2\/product\/79734","targetHints":{"allow":["GET"]}}],"collection":[{"href":"https:\/\/chmedica.ch\/fr\/wp-json\/wp\/v2\/product"}],"about":[{"href":"https:\/\/chmedica.ch\/fr\/wp-json\/wp\/v2\/types\/product"}],"wp:featuredmedia":[{"embeddable":true,"href":"https:\/\/chmedica.ch\/fr\/wp-json\/wp\/v2\/media\/79728"}],"wp:attachment":[{"href":"https:\/\/chmedica.ch\/fr\/wp-json\/wp\/v2\/media?parent=79734"}],"wp:term":[{"taxonomy":"product_brand","embeddable":true,"href":"https:\/\/chmedica.ch\/fr\/wp-json\/wp\/v2\/product_brand?post=79734"},{"taxonomy":"product_cat","embeddable":true,"href":"https:\/\/chmedica.ch\/fr\/wp-json\/wp\/v2\/product_cat?post=79734"},{"taxonomy":"product_tag","embeddable":true,"href":"https:\/\/chmedica.ch\/fr\/wp-json\/wp\/v2\/product_tag?post=79734"}],"curies":[{"name":"wp","href":"https:\/\/api.w.org\/{rel}","templated":true}]}}