{"id":79440,"date":"2023-06-23T03:50:00","date_gmt":"2023-06-23T01:50:00","guid":{"rendered":"https:\/\/chmedica.ch\/prodotto\/distributeur-de-tampons-a-lalcool-quickpad\/"},"modified":"2025-11-23T07:48:04","modified_gmt":"2025-11-23T06:48:04","slug":"distributeur-de-tampons-a-lalcool-quickpad","status":"publish","type":"product","link":"https:\/\/chmedica.ch\/fr\/produit\/distributeur-de-tampons-a-lalcool-quickpad\/","title":{"rendered":"DISTRIBUTEUR de TAMPONS \u00c0 L\u2019ALCOOL QUICKPAD"},"content":{"rendered":"","protected":false},"excerpt":{"rendered":"<p>DISTRIBUTEUR QUICKPAD<\/p>\n<p>Les tampons molletonn\u00e9s sont satur\u00e9s d&rsquo;alcool d&rsquo;isopropyle \u00e0 70 %.<br \/>\nLe couvercle herm\u00e9tique pr\u00e9vient l&rsquo;\u00e9vaporation.<\/p>\n<p>Dimensions 50 x 50 x 80 mm.<br \/>\nContient 150 tampons, dimensions: 44 x 44 mm.<\/p>\n<p>Brevets \u00c9.-U. et R\u00e9glementation FDA #8010920<\/p>\n","protected":false},"featured_media":79434,"template":"","meta":{"_acf_changed":false},"product_brand":[],"product_cat":[1460,924],"product_tag":[],"class_list":{"0":"post-79440","1":"product","2":"type-product","3":"status-publish","4":"has-post-thumbnail","6":"product_cat-desinfectants-et-nettoyage","7":"product_cat-desinfectants-et-sterilisation-froide","9":"first","10":"onbackorder","11":"taxable","12":"shipping-taxable","13":"purchasable","14":"product-type-simple"},"acf":{"fornitore":"GIMA","standard_accessori":"","unita_misura":"1 pz."},"_links":{"self":[{"href":"https:\/\/chmedica.ch\/fr\/wp-json\/wp\/v2\/product\/79440","targetHints":{"allow":["GET"]}}],"collection":[{"href":"https:\/\/chmedica.ch\/fr\/wp-json\/wp\/v2\/product"}],"about":[{"href":"https:\/\/chmedica.ch\/fr\/wp-json\/wp\/v2\/types\/product"}],"wp:featuredmedia":[{"embeddable":true,"href":"https:\/\/chmedica.ch\/fr\/wp-json\/wp\/v2\/media\/79434"}],"wp:attachment":[{"href":"https:\/\/chmedica.ch\/fr\/wp-json\/wp\/v2\/media?parent=79440"}],"wp:term":[{"taxonomy":"product_brand","embeddable":true,"href":"https:\/\/chmedica.ch\/fr\/wp-json\/wp\/v2\/product_brand?post=79440"},{"taxonomy":"product_cat","embeddable":true,"href":"https:\/\/chmedica.ch\/fr\/wp-json\/wp\/v2\/product_cat?post=79440"},{"taxonomy":"product_tag","embeddable":true,"href":"https:\/\/chmedica.ch\/fr\/wp-json\/wp\/v2\/product_tag?post=79440"}],"curies":[{"name":"wp","href":"https:\/\/api.w.org\/{rel}","templated":true}]}}