{"id":78882,"date":"2023-06-23T03:44:54","date_gmt":"2023-06-23T01:44:54","guid":{"rendered":"https:\/\/chmedica.ch\/prodotto\/ciseaux-a-bandage-de-lister-steriles-14-cm\/"},"modified":"2024-01-03T00:03:44","modified_gmt":"2024-01-02T23:03:44","slug":"ciseaux-a-bandage-de-lister-steriles-14-cm","status":"publish","type":"product","link":"https:\/\/chmedica.ch\/fr\/produit\/ciseaux-a-bandage-de-lister-steriles-14-cm\/","title":{"rendered":"CISEAUX \u00c0 BANDAGE DE LISTER ST\u00c9RILES &#8211; 14 cm"},"content":{"rendered":"","protected":false},"excerpt":{"rendered":"<p>INSTRUMENTS EN ACIER INOX JETABLES &#8211; ST\u00c9RILES<\/p>\n<p>Une gamme compl\u00e8te d&rsquo;instruments jetables r\u00e9alis\u00e9e pour garantir aux utilisateurs une bonne qualit\u00e9 et en acier inox alternatif par rapport aux instruments jetables en plastique.<\/p>\n<p>Chaque produit pr\u00e9sente une partie en bleu pour en emp\u00eacher la confusion avec les instruments r\u00e9utilisables. Conditionnement individuel dans une poche st\u00e9rile. St\u00e9rilisation aux rayons gamma.<\/p>\n","protected":false},"featured_media":78876,"template":"","meta":{"_acf_changed":false},"product_brand":[],"product_cat":[1546,866],"product_tag":[],"class_list":{"0":"post-78882","1":"product","2":"type-product","3":"status-publish","4":"has-post-thumbnail","6":"product_cat-instruments-metalliques-steriles-a-usage-unique","7":"product_cat-instruments-chirurgicaux","9":"first","10":"onbackorder","11":"taxable","12":"shipping-taxable","13":"purchasable","14":"product-type-simple"},"acf":{"fornitore":"GIMA","standard_accessori":"","unita_misura":"conf. 25 pz."},"_links":{"self":[{"href":"https:\/\/chmedica.ch\/fr\/wp-json\/wp\/v2\/product\/78882","targetHints":{"allow":["GET"]}}],"collection":[{"href":"https:\/\/chmedica.ch\/fr\/wp-json\/wp\/v2\/product"}],"about":[{"href":"https:\/\/chmedica.ch\/fr\/wp-json\/wp\/v2\/types\/product"}],"wp:featuredmedia":[{"embeddable":true,"href":"https:\/\/chmedica.ch\/fr\/wp-json\/wp\/v2\/media\/78876"}],"wp:attachment":[{"href":"https:\/\/chmedica.ch\/fr\/wp-json\/wp\/v2\/media?parent=78882"}],"wp:term":[{"taxonomy":"product_brand","embeddable":true,"href":"https:\/\/chmedica.ch\/fr\/wp-json\/wp\/v2\/product_brand?post=78882"},{"taxonomy":"product_cat","embeddable":true,"href":"https:\/\/chmedica.ch\/fr\/wp-json\/wp\/v2\/product_cat?post=78882"},{"taxonomy":"product_tag","embeddable":true,"href":"https:\/\/chmedica.ch\/fr\/wp-json\/wp\/v2\/product_tag?post=78882"}],"curies":[{"name":"wp","href":"https:\/\/api.w.org\/{rel}","templated":true}]}}