{"id":78849,"date":"2023-06-23T03:44:19","date_gmt":"2023-06-23T01:44:19","guid":{"rendered":"https:\/\/chmedica.ch\/prodotto\/coupe-ongles-des-pieds-145-cm-poignee-en-plastique\/"},"modified":"2024-01-03T00:08:00","modified_gmt":"2024-01-02T23:08:00","slug":"coupe-ongles-des-pieds-145-cm-poignee-en-plastique","status":"publish","type":"product","link":"https:\/\/chmedica.ch\/fr\/produit\/coupe-ongles-des-pieds-145-cm-poignee-en-plastique\/","title":{"rendered":"COUPE-ONGLES DES PIEDS &#8211; 14,5 cm &#8211; poign\u00e9e en plastique"},"content":{"rendered":"","protected":false},"excerpt":{"rendered":"<p>Coupe-ongles p\u00e9dicure &#8211; 14,5 cm &#8211; poign\u00e9e en plastique<\/p>\n<p>\u2022 EN ACIER INOX<\/p>\n","protected":false},"featured_media":78843,"template":"","meta":{"_acf_changed":false},"product_brand":[],"product_cat":[1192,866],"product_tag":[],"class_list":{"0":"post-78849","1":"product","2":"type-product","3":"status-publish","4":"has-post-thumbnail","6":"product_cat-instrumentation-podo-esthetique","7":"product_cat-instruments-chirurgicaux","9":"first","10":"onbackorder","11":"taxable","12":"shipping-taxable","13":"purchasable","14":"product-type-simple"},"acf":{"fornitore":"GIMA","standard_accessori":"","unita_misura":"1 pz."},"_links":{"self":[{"href":"https:\/\/chmedica.ch\/fr\/wp-json\/wp\/v2\/product\/78849","targetHints":{"allow":["GET"]}}],"collection":[{"href":"https:\/\/chmedica.ch\/fr\/wp-json\/wp\/v2\/product"}],"about":[{"href":"https:\/\/chmedica.ch\/fr\/wp-json\/wp\/v2\/types\/product"}],"wp:featuredmedia":[{"embeddable":true,"href":"https:\/\/chmedica.ch\/fr\/wp-json\/wp\/v2\/media\/78843"}],"wp:attachment":[{"href":"https:\/\/chmedica.ch\/fr\/wp-json\/wp\/v2\/media?parent=78849"}],"wp:term":[{"taxonomy":"product_brand","embeddable":true,"href":"https:\/\/chmedica.ch\/fr\/wp-json\/wp\/v2\/product_brand?post=78849"},{"taxonomy":"product_cat","embeddable":true,"href":"https:\/\/chmedica.ch\/fr\/wp-json\/wp\/v2\/product_cat?post=78849"},{"taxonomy":"product_tag","embeddable":true,"href":"https:\/\/chmedica.ch\/fr\/wp-json\/wp\/v2\/product_tag?post=78849"}],"curies":[{"name":"wp","href":"https:\/\/api.w.org\/{rel}","templated":true}]}}