{"id":78573,"date":"2023-06-23T03:41:24","date_gmt":"2023-06-23T01:41:24","guid":{"rendered":"https:\/\/chmedica.ch\/prodotto\/pedalier-de-base\/"},"modified":"2024-01-03T00:31:03","modified_gmt":"2024-01-02T23:31:03","slug":"pedalier-de-base","status":"publish","type":"product","link":"https:\/\/chmedica.ch\/fr\/produit\/pedalier-de-base\/","title":{"rendered":"P\u00c9DALIER DE BASE"},"content":{"rendered":"","protected":false},"excerpt":{"rendered":"<p>Mini-v\u00e9lo compacts pour exercices de cyclette. L&rsquo;utilisation r\u00e9guli\u00e8re stimule la circulation sanguine et augmente la force musculaire: une mani\u00e8re optimale pour effectuer une s\u00e9ance d&rsquo;entra\u00eenement cardiovasculaire mod\u00e9r\u00e9. \u00c0 placer sur une table pour exercer les bras ou par terre pour entra\u00eener les jambes assis sur une chaise.<\/p>\n<p>Mini-v\u00e9lo BASIC est ivr\u00e9 d\u00e9mont\u00e9 avec vis et cl\u00e9 pour le montage.<br \/>\nBo\u00eete et mode d&#8217;emploi multilingue: GB, FR, IT, ES, PT, DE, PL, GR.<br \/>\nAvec pommeau pour r\u00e9gler la tension.<br \/>\nDimensions: 48&#215;40,5&#215;30 cm.<\/p>\n","protected":false},"featured_media":78567,"template":"","meta":{"_acf_changed":false},"product_brand":[],"product_cat":[848,1334],"product_tag":[],"class_list":{"0":"post-78573","1":"product","2":"type-product","3":"status-publish","4":"has-post-thumbnail","6":"product_cat-aides-pour-personnes-handicapees","7":"product_cat-deambulateurs-exerciseurs","9":"first","10":"onbackorder","11":"taxable","12":"shipping-taxable","13":"purchasable","14":"product-type-simple"},"acf":{"fornitore":"GIMA","standard_accessori":"","unita_misura":"1 pz."},"_links":{"self":[{"href":"https:\/\/chmedica.ch\/fr\/wp-json\/wp\/v2\/product\/78573","targetHints":{"allow":["GET"]}}],"collection":[{"href":"https:\/\/chmedica.ch\/fr\/wp-json\/wp\/v2\/product"}],"about":[{"href":"https:\/\/chmedica.ch\/fr\/wp-json\/wp\/v2\/types\/product"}],"wp:featuredmedia":[{"embeddable":true,"href":"https:\/\/chmedica.ch\/fr\/wp-json\/wp\/v2\/media\/78567"}],"wp:attachment":[{"href":"https:\/\/chmedica.ch\/fr\/wp-json\/wp\/v2\/media?parent=78573"}],"wp:term":[{"taxonomy":"product_brand","embeddable":true,"href":"https:\/\/chmedica.ch\/fr\/wp-json\/wp\/v2\/product_brand?post=78573"},{"taxonomy":"product_cat","embeddable":true,"href":"https:\/\/chmedica.ch\/fr\/wp-json\/wp\/v2\/product_cat?post=78573"},{"taxonomy":"product_tag","embeddable":true,"href":"https:\/\/chmedica.ch\/fr\/wp-json\/wp\/v2\/product_tag?post=78573"}],"curies":[{"name":"wp","href":"https:\/\/api.w.org\/{rel}","templated":true}]}}