{"id":77031,"date":"2023-06-23T03:16:32","date_gmt":"2023-06-23T01:16:32","guid":{"rendered":"https:\/\/chmedica.ch\/prodotto\/compresse-gaze-eponge-10x10-cm-4-couches-non-tisse-10-paquets-de-100\/"},"modified":"2026-02-20T10:43:38","modified_gmt":"2026-02-20T09:43:38","slug":"compresse-gaze-eponge-10x10-cm-4-couches-non-tisse-10-paquets-de-100","status":"publish","type":"product","link":"https:\/\/chmedica.ch\/fr\/produit\/compresse-gaze-eponge-10x10-cm-4-couches-non-tisse-10-paquets-de-100\/","title":{"rendered":"COMPRESSE GAZE \u00c9PONGE &#8211; 10&#215;10 cm &#8211; 4 couches &#8211; non tiss\u00e9 &#8211; 10 paquets de 100"},"content":{"rendered":"","protected":false},"excerpt":{"rendered":"<p>Compresses non-tiss\u00e9es, 30% polyester, 70% viscose 30g\/m2 pli\u00e9es et bord sans traitements rayons X.<\/p>\n<p>\u2022 10 x 10 cm<br \/>\n\u2022 4 couches<br \/>\n\u2022 Non st\u00e9riles<\/p>\n","protected":false},"featured_media":77013,"template":"","meta":{"_acf_changed":false},"product_brand":[],"product_cat":[1570,914],"product_tag":[],"class_list":{"0":"post-77031","1":"product","2":"type-product","3":"status-publish","4":"has-post-thumbnail","6":"product_cat-gazes-tampons-et-compresses-en-coton-et-tnt","7":"product_cat-pansement-gaze-patchs","9":"first","10":"onbackorder","11":"taxable","12":"shipping-taxable","13":"purchasable","14":"product-type-simple"},"acf":{"fornitore":"GIMA","standard_accessori":"","unita_misura":"conf. 1000 pz."},"_links":{"self":[{"href":"https:\/\/chmedica.ch\/fr\/wp-json\/wp\/v2\/product\/77031","targetHints":{"allow":["GET"]}}],"collection":[{"href":"https:\/\/chmedica.ch\/fr\/wp-json\/wp\/v2\/product"}],"about":[{"href":"https:\/\/chmedica.ch\/fr\/wp-json\/wp\/v2\/types\/product"}],"wp:featuredmedia":[{"embeddable":true,"href":"https:\/\/chmedica.ch\/fr\/wp-json\/wp\/v2\/media\/77013"}],"wp:attachment":[{"href":"https:\/\/chmedica.ch\/fr\/wp-json\/wp\/v2\/media?parent=77031"}],"wp:term":[{"taxonomy":"product_brand","embeddable":true,"href":"https:\/\/chmedica.ch\/fr\/wp-json\/wp\/v2\/product_brand?post=77031"},{"taxonomy":"product_cat","embeddable":true,"href":"https:\/\/chmedica.ch\/fr\/wp-json\/wp\/v2\/product_cat?post=77031"},{"taxonomy":"product_tag","embeddable":true,"href":"https:\/\/chmedica.ch\/fr\/wp-json\/wp\/v2\/product_tag?post=77031"}],"curies":[{"name":"wp","href":"https:\/\/api.w.org\/{rel}","templated":true}]}}