{"id":76713,"date":"2023-06-23T03:11:21","date_gmt":"2023-06-23T01:11:21","guid":{"rendered":"https:\/\/chmedica.ch\/prodotto\/oximetre-de-surveillance-continue-o2ring-enfant\/"},"modified":"2024-01-02T22:38:31","modified_gmt":"2024-01-02T21:38:31","slug":"oximetre-de-surveillance-continue-o2ring-enfant","status":"publish","type":"product","link":"https:\/\/chmedica.ch\/fr\/produit\/oximetre-de-surveillance-continue-o2ring-enfant\/","title":{"rendered":"OXIM\u00c8TRE DE SURVEILLANCE CONTINUE O2RING &#8211; enfant"},"content":{"rendered":"<p>Oxyg\u00e8ne dans le sang:<br \/>\nplage: 70-99%<br \/>\nexactitude: 80-99%: \u00b12%, 70-79%: \u00b13%<\/p>\n<p>Fr\u00e9quence cardiaque: plage: 30 &#8211; 250 bpm &#8211; \u00b12 bpm ou \u00b12%<br \/>\nSource de vibration: Faible taux d&rsquo;oxyg\u00e8ne, pouls \u00e9lev\u00e9 \/ faible<br \/>\nParam\u00e8tres enregistr\u00e9s: Oxyg\u00e8ne dans le sang, fr\u00e9quence cardiaque, mouvement<\/p>\n<p>Poids: 15 g<br \/>\nDimensions: dispositif 38x30x38 mm; anneau 50-82 mm<br \/>\nM\u00e9moire int\u00e9gr\u00e9e: 4 sections, jusqu&rsquo;\u00e0 10 heures pour chaque section<br \/>\nBatterie: Batterie rechargeable au lithium 3,7 VCC<br \/>\nTemps d&rsquo;utilisation: 12-16 heures<br \/>\nTemps de recharge: 2-3 heures<br \/>\nSans fil: Bluetooth 4.0 BLE<br \/>\nCompatibilit\u00e9: iOS 9.0+; Android 5.0+<br \/>\nProtection: d\u00e9charges \u00e9lectriques: Type BF \u00e9lectromagnetique: Groupe BI, Classe B poussi\u00e8res et eau: IP24<\/p>\n","protected":false},"excerpt":{"rendered":"<p>Description pas disponible.<\/p>\n","protected":false},"featured_media":76677,"template":"","meta":{"_acf_changed":false},"product_brand":[],"product_cat":[1258,860],"product_tag":[],"class_list":{"0":"post-76713","1":"product","2":"type-product","3":"status-publish","4":"has-post-thumbnail","6":"product_cat-oxymetres-de-doigts","7":"product_cat-urgence-et-pansement","9":"first","10":"onbackorder","11":"taxable","12":"shipping-taxable","13":"purchasable","14":"product-type-simple"},"acf":{"fornitore":"GIMA","standard_accessori":"","unita_misura":"1 pz."},"_links":{"self":[{"href":"https:\/\/chmedica.ch\/fr\/wp-json\/wp\/v2\/product\/76713","targetHints":{"allow":["GET"]}}],"collection":[{"href":"https:\/\/chmedica.ch\/fr\/wp-json\/wp\/v2\/product"}],"about":[{"href":"https:\/\/chmedica.ch\/fr\/wp-json\/wp\/v2\/types\/product"}],"wp:featuredmedia":[{"embeddable":true,"href":"https:\/\/chmedica.ch\/fr\/wp-json\/wp\/v2\/media\/76677"}],"wp:attachment":[{"href":"https:\/\/chmedica.ch\/fr\/wp-json\/wp\/v2\/media?parent=76713"}],"wp:term":[{"taxonomy":"product_brand","embeddable":true,"href":"https:\/\/chmedica.ch\/fr\/wp-json\/wp\/v2\/product_brand?post=76713"},{"taxonomy":"product_cat","embeddable":true,"href":"https:\/\/chmedica.ch\/fr\/wp-json\/wp\/v2\/product_cat?post=76713"},{"taxonomy":"product_tag","embeddable":true,"href":"https:\/\/chmedica.ch\/fr\/wp-json\/wp\/v2\/product_tag?post=76713"}],"curies":[{"name":"wp","href":"https:\/\/api.w.org\/{rel}","templated":true}]}}