{"id":76260,"date":"2023-06-23T03:08:56","date_gmt":"2023-06-23T01:08:56","guid":{"rendered":"https:\/\/chmedica.ch\/prodotto\/capteur-pediatrique-en-caoutchouc-reutilisable-pour-35095\/"},"modified":"2024-01-02T22:41:17","modified_gmt":"2024-01-02T21:41:17","slug":"capteur-pediatrique-en-caoutchouc-reutilisable-pour-35095","status":"publish","type":"product","link":"https:\/\/chmedica.ch\/fr\/produit\/capteur-pediatrique-en-caoutchouc-reutilisable-pour-35095\/","title":{"rendered":"CAPTEUR P\u00c9DIATRIQUE EN CAOUTCHOUC &#8211; r\u00e9utilisable pour 35095"},"content":{"rendered":"","protected":false},"excerpt":{"rendered":"<p>Sonde p\u00e9diatrique en caoutchouc r\u00e9utilisable. Sondes SpO2 externes p\u00e9diatriques avec cordon 1m.<\/p>\n","protected":false},"featured_media":76254,"template":"","meta":{"_acf_changed":false},"product_brand":[],"product_cat":[1258,860],"product_tag":[],"class_list":{"0":"post-76260","1":"product","2":"type-product","3":"status-publish","4":"has-post-thumbnail","6":"product_cat-oxymetres-de-doigts","7":"product_cat-urgence-et-pansement","9":"first","10":"onbackorder","11":"taxable","12":"shipping-taxable","13":"purchasable","14":"product-type-simple"},"acf":{"fornitore":"GIMA","standard_accessori":"","unita_misura":"1 pz."},"_links":{"self":[{"href":"https:\/\/chmedica.ch\/fr\/wp-json\/wp\/v2\/product\/76260","targetHints":{"allow":["GET"]}}],"collection":[{"href":"https:\/\/chmedica.ch\/fr\/wp-json\/wp\/v2\/product"}],"about":[{"href":"https:\/\/chmedica.ch\/fr\/wp-json\/wp\/v2\/types\/product"}],"wp:featuredmedia":[{"embeddable":true,"href":"https:\/\/chmedica.ch\/fr\/wp-json\/wp\/v2\/media\/76254"}],"wp:attachment":[{"href":"https:\/\/chmedica.ch\/fr\/wp-json\/wp\/v2\/media?parent=76260"}],"wp:term":[{"taxonomy":"product_brand","embeddable":true,"href":"https:\/\/chmedica.ch\/fr\/wp-json\/wp\/v2\/product_brand?post=76260"},{"taxonomy":"product_cat","embeddable":true,"href":"https:\/\/chmedica.ch\/fr\/wp-json\/wp\/v2\/product_cat?post=76260"},{"taxonomy":"product_tag","embeddable":true,"href":"https:\/\/chmedica.ch\/fr\/wp-json\/wp\/v2\/product_tag?post=76260"}],"curies":[{"name":"wp","href":"https:\/\/api.w.org\/{rel}","templated":true}]}}